{"id":10693,"date":"2018-12-10T03:06:47","date_gmt":"2018-12-10T03:06:47","guid":{"rendered":"https:\/\/disfrutatuestancia.es\/about-us"},"modified":"2024-03-12T22:15:49","modified_gmt":"2024-03-12T22:15:49","slug":"about-us","status":"publish","type":"page","link":"https:\/\/disfrutatuestancia.es\/en\/about-us","title":{"rendered":"About me"},"content":{"rendered":"<div class=\"wpb-content-wrapper\"><p>[vc_row][vc_column][vc_empty_space height=&#8221;60px&#8221;][\/vc_column][\/vc_row][vc_row][vc_column width=&#8221;1\/2&#8243;][vc_single_image image=&#8221;12632&#8243; img_size=&#8221;large&#8221; alignment=&#8221;center&#8221; css_animation=&#8221;none&#8221;][vc_column_text el_class=&#8221;st-aboutus-title&#8221;]<\/p>\n<h3>My story<\/h3>\n<p>[\/vc_column_text][vc_column_text css_animation=&#8221;none&#8221; el_class=&#8221;st-aboutus-content&#8221;]It is a personal bet. What started as a hobby, today is an activity that fulfills me fully and makes me enjoy and be happy.<\/p>\n<p>From a Segovian family that emigrated to &#8220;la capi&#8221; before I was born, I have decided to reconnect with my origins and detox from the city, stress and stressful life.<\/p>\n<p>Relaxation, tranquility, rest, sport, adventure, there is an endless number of fantastic things to do in any of the rooms, chosen with care and affection.<\/p>\n<p>I love to show people the fantastic possibilities that Segovia has to offer and help them get to know a little better all the activities that Segovia has to offer.[\/vc_column_text][vc_empty_space height=&#8221;30px&#8221;][\/vc_column][vc_column width=&#8221;1\/2&#8243;][vc_empty_space height=&#8221;30px&#8221;][vc_column_text el_class=&#8221;st-aboutus-title&#8221;]<\/p>\n<h3>My objective<\/h3>\n<p>[\/vc_column_text][vc_column_text el_class=&#8221;st-aboutus-content&#8221;]Make you happy.<\/p>\n<p>May you have a stay that allows you to find yourself again, rest and recover.<\/p>\n<p>Or maybe&#8230; being with those friends you haven&#8217;t heard from in months. Laughing, chatting, eating a paella cooked over a wood fire&#8230;<\/p>\n<p>My goal is to make you enjoy every minute of the experience and your accommodation, savoring each and every minute you are in our homes.[\/vc_column_text][vc_empty_space height=&#8221;30px&#8221;][vc_single_image image=&#8221;12644&#8243; img_size=&#8221;large&#8221; alignment=&#8221;center&#8221;][\/vc_column][\/vc_row][vc_row][vc_column][vc_empty_space height=&#8221;20px&#8221;]<div class=\"st-list-statistic\"><div class=\"row\">            <div class=\"col-md-3 col-sm-6\">\r\n                <div class=\"item-wrapper\">\r\n                    <div class=\"item\">\r\n                        <div class=\"front\">\r\n                            <div class=\"inner\">\r\n                                <h4>+100<\/h4>\r\n                                <p class=\"sub-text\">actividades<\/p>\r\n                            <\/div>\r\n                        <\/div>\r\n                        <div class=\"end\">\r\n                            <p class=\"desc\">He recopilado m\u00e1s de 100 actividades y excursiones para que te sea m\u00e1s f\u00e1cil conocer Segovia<\/p>\r\n                        <\/div>\r\n                    <\/div>\r\n                <\/div>\r\n            <\/div>\r\n                        <div class=\"col-md-3 col-sm-6\">\r\n                <div class=\"item-wrapper\">\r\n                    <div class=\"item\">\r\n                        <div class=\"front\">\r\n                            <div class=\"inner\">\r\n                                <h4>4<\/h4>\r\n                                <p class=\"sub-text\">estancias<\/p>\r\n                            <\/div>\r\n                        <\/div>\r\n                        <div class=\"end\">\r\n                            <p class=\"desc\">Cuatro lugares escogidos m\u00e1gicamente para que puedas decidirte seg\u00fan lo que te apetezca<\/p>\r\n                        <\/div>\r\n                    <\/div>\r\n                <\/div>\r\n            <\/div>\r\n                        <div class=\"col-md-3 col-sm-6\">\r\n                <div class=\"item-wrapper\">\r\n                    <div class=\"item\">\r\n                        <div class=\"front\">\r\n                            <div class=\"inner\">\r\n                                <h4>+50<\/h4>\r\n                                <p class=\"sub-text\">clientes satisfechos<\/p>\r\n                            <\/div>\r\n                        <\/div>\r\n                        <div class=\"end\">\r\n                            <p class=\"desc\">Conseguir que est\u00e9s a gusto es uno de mis principales objetivos, m\u00e1s de 50 personas han pasado y disfrutado<\/p>\r\n                        <\/div>\r\n                    <\/div>\r\n                <\/div>\r\n            <\/div>\r\n                        <div class=\"col-md-3 col-sm-6\">\r\n                <div class=\"item-wrapper\">\r\n                    <div class=\"item\">\r\n                        <div class=\"front\">\r\n                            <div class=\"inner\">\r\n                                <h4>+3<\/h4>\r\n                                <p class=\"sub-text\">alternativas<\/p>\r\n                            <\/div>\r\n                        <\/div>\r\n                        <div class=\"end\">\r\n                            <p class=\"desc\">Hacer la reserva de tus estancias es muy f\u00e1cil, podr\u00e1s hacerlo a trav\u00e9s de esta web, Airbnb y Rentalia.<\/p>\r\n                        <\/div>\r\n                    <\/div>\r\n                <\/div>\r\n            <\/div>\r\n            <\/div><\/div>[vc_empty_space height=&#8221;65px&#8221;]<div class=\"st-aboutus-info\">\r\n        <p class=\"message\">\"Disfruta tu estancia, descansa, recup\u00e9rate y divi\u00e9rtete. \u00a1Carpe diem amiga!\"<\/p>\r\n        <img decoding=\"async\" src=\"https:\/\/disfrutatuestancia.es\/wp-content\/uploads\/2024\/02\/IMG_6550-scaled-e1708290416806.jpg\" alt=\"About me\"\/>            <p class=\"name\">Olga Sanz<\/p>\r\n                <p class=\"pos\">Fundadora<\/p>\r\n    <\/div>[vc_empty_space height=&#8221;65px&#8221;][\/vc_column][\/vc_row][vc_row][vc_column][vc_empty_space height=&#8221;130px&#8221;]<div class=\"st-aboutus-team\">\r\n    <h3>Would you like to contact any of the team?<\/h3>\r\n    <div class=\"row\"><div class=\"col-md-3 col-sm-6 item\">            <div class=\"thumb\">\r\n                <img decoding=\"async\" src=\"https:\/\/disfrutatuestancia.es\/wp-content\/uploads\/2024\/02\/IMG_3929-scaled-e1708291007726.jpg\" class=\"img-responsive\" \/>\r\n                                    <div class=\"social\">\r\n                        <ul>                                <li><a href=\"mailto:olga@disfrutatuestancia.es?Subject=Consulta%20web.%20Cu\u00e9ntame%20tus%20inquietudes\"><i class=\"far fa-envelope\"><\/i><\/a><\/li>\r\n                            <\/ul>                    <\/div>\r\n                                <\/div>\r\n            <p class=\"name\">Olga<\/p>\r\n            <p class=\"pos\">Fundadora<\/p>\r\n            <\/div><div class=\"col-md-3 col-sm-6 item\">            <div class=\"thumb\">\r\n                <img decoding=\"async\" src=\"https:\/\/disfrutatuestancia.es\/wp-content\/uploads\/2022\/04\/foto-dani-e1690886500572.jpg\" class=\"img-responsive\" \/>\r\n                                    <div class=\"social\">\r\n                        <ul>                                <li><a href=\"mailto:dani@disfrutatuestancia.es\"><i class=\"far fa-envelope\"><\/i><\/a><\/li>\r\n                            <\/ul>                    <\/div>\r\n                                <\/div>\r\n            <p class=\"name\">Dani<\/p>\r\n            <p class=\"pos\">Web<\/p>\r\n            <\/div><\/div><\/div>\r\n[vc_empty_space height=&#8221;70&#8243;][\/vc_column][\/vc_row]<\/p>\n<\/div>","protected":false},"excerpt":{"rendered":"<p>[vc_row][vc_column][vc_empty_space height=&#8221;60px&#8221;][\/vc_column][\/vc_row][vc_row][vc_column width=&#8221;1\/2&#8243;][vc_single_image image=&#8221;12632&#8243; img_size=&#8221;large&#8221; alignment=&#8221;center&#8221; css_animation=&#8221;none&#8221;][vc_column_text el_class=&#8221;st-aboutus-title&#8221;] My story [\/vc_column_text][vc_column_text css_animation=&#8221;none&#8221; el_class=&#8221;st-aboutus-content&#8221;]It is a personal bet. What started as a hobby, today is an activity that fulfills me fully and makes me enjoy and be happy. From a Segovian family that emigrated to &#8220;la capi&#8221; before I was born, I have decided to reconnect [&hellip;]<\/p>\n","protected":false},"author":2,"featured_media":12604,"parent":0,"menu_order":0,"comment_status":"closed","ping_status":"closed","template":"template-home-modern.php","meta":{"om_disable_all_campaigns":false,"_monsterinsights_skip_tracking":false,"_monsterinsights_sitenote_active":false,"_monsterinsights_sitenote_note":"","_monsterinsights_sitenote_category":0,"footnotes":""},"class_list":["post-10693","page","type-page","status-publish","has-post-thumbnail","hentry"],"yoast_head":"<!-- This site is optimized with the Yoast SEO plugin v27.4 - https:\/\/yoast.com\/product\/yoast-seo-wordpress\/ -->\n<title>About me - Disfruta tu estancia<\/title>\n<meta name=\"description\" content=\"My goal is to make you enjoy the experience and your accommodation, savoring each and every minute you are in our homes.\" \/>\n<meta name=\"robots\" content=\"index, follow, max-snippet:-1, max-image-preview:large, max-video-preview:-1\" \/>\n<link rel=\"canonical\" href=\"https:\/\/disfrutatuestancia.es\/en\/about-us\" \/>\n<meta property=\"og:locale\" content=\"en_US\" \/>\n<meta property=\"og:type\" content=\"article\" \/>\n<meta property=\"og:title\" content=\"About me - Disfruta tu estancia\" \/>\n<meta property=\"og:description\" content=\"My goal is to make you enjoy the experience and your accommodation, savoring each and every minute you are in our homes.\" \/>\n<meta property=\"og:url\" content=\"https:\/\/disfrutatuestancia.es\/en\/about-us\" \/>\n<meta property=\"og:site_name\" content=\"Disfruta tu estancia\" \/>\n<meta property=\"article:publisher\" content=\"https:\/\/www.facebook.com\/Disfruta-tu-estancia-110455088312197\" \/>\n<meta property=\"article:modified_time\" content=\"2024-03-12T22:15:49+00:00\" \/>\n<meta property=\"og:image\" content=\"https:\/\/disfrutatuestancia.es\/wp-content\/uploads\/2015\/01\/Porche-scaled.jpg\" \/>\n\t<meta property=\"og:image:width\" content=\"2560\" \/>\n\t<meta property=\"og:image:height\" content=\"1920\" \/>\n\t<meta property=\"og:image:type\" content=\"image\/jpeg\" \/>\n<meta name=\"twitter:card\" content=\"summary_large_image\" \/>\n<meta name=\"twitter:label1\" content=\"Est. reading time\" \/>\n\t<meta name=\"twitter:data1\" content=\"3 minutes\" \/>\n<script type=\"application\/ld+json\" class=\"yoast-schema-graph\">{\"@context\":\"https:\\\/\\\/schema.org\",\"@graph\":[{\"@type\":\"WebPage\",\"@id\":\"https:\\\/\\\/disfrutatuestancia.es\\\/en\\\/about-us\",\"url\":\"https:\\\/\\\/disfrutatuestancia.es\\\/en\\\/about-us\",\"name\":\"About me - Disfruta tu estancia\",\"isPartOf\":{\"@id\":\"https:\\\/\\\/disfrutatuestancia.es\\\/en#website\"},\"primaryImageOfPage\":{\"@id\":\"https:\\\/\\\/disfrutatuestancia.es\\\/en\\\/about-us#primaryimage\"},\"image\":{\"@id\":\"https:\\\/\\\/disfrutatuestancia.es\\\/en\\\/about-us#primaryimage\"},\"thumbnailUrl\":\"https:\\\/\\\/disfrutatuestancia.es\\\/wp-content\\\/uploads\\\/2015\\\/01\\\/Porche-scaled.jpg\",\"datePublished\":\"2018-12-10T03:06:47+00:00\",\"dateModified\":\"2024-03-12T22:15:49+00:00\",\"description\":\"My goal is to make you enjoy the experience and your accommodation, savoring each and every minute you are in our homes.\",\"breadcrumb\":{\"@id\":\"https:\\\/\\\/disfrutatuestancia.es\\\/en\\\/about-us#breadcrumb\"},\"inLanguage\":\"en-US\",\"potentialAction\":[{\"@type\":\"ReadAction\",\"target\":[\"https:\\\/\\\/disfrutatuestancia.es\\\/en\\\/about-us\"]}]},{\"@type\":\"ImageObject\",\"inLanguage\":\"en-US\",\"@id\":\"https:\\\/\\\/disfrutatuestancia.es\\\/en\\\/about-us#primaryimage\",\"url\":\"https:\\\/\\\/disfrutatuestancia.es\\\/wp-content\\\/uploads\\\/2015\\\/01\\\/Porche-scaled.jpg\",\"contentUrl\":\"https:\\\/\\\/disfrutatuestancia.es\\\/wp-content\\\/uploads\\\/2015\\\/01\\\/Porche-scaled.jpg\",\"width\":2560,\"height\":1920},{\"@type\":\"BreadcrumbList\",\"@id\":\"https:\\\/\\\/disfrutatuestancia.es\\\/en\\\/about-us#breadcrumb\",\"itemListElement\":[{\"@type\":\"ListItem\",\"position\":1,\"name\":\"Portada\",\"item\":\"https:\\\/\\\/disfrutatuestancia.es\\\/en\\\/home-page\"},{\"@type\":\"ListItem\",\"position\":2,\"name\":\"About me\"}]},{\"@type\":\"WebSite\",\"@id\":\"https:\\\/\\\/disfrutatuestancia.es\\\/en#website\",\"url\":\"https:\\\/\\\/disfrutatuestancia.es\\\/en\",\"name\":\"Disfruta tu Estancia\",\"description\":\"\u00bfQuieres relajarte?\",\"publisher\":{\"@id\":\"https:\\\/\\\/disfrutatuestancia.es\\\/en#\\\/schema\\\/person\\\/6acbf97c7a687f69d056e585faae278c\"},\"alternateName\":\"DtuE\",\"potentialAction\":[{\"@type\":\"SearchAction\",\"target\":{\"@type\":\"EntryPoint\",\"urlTemplate\":\"https:\\\/\\\/disfrutatuestancia.es\\\/en?s={search_term_string}\"},\"query-input\":{\"@type\":\"PropertyValueSpecification\",\"valueRequired\":true,\"valueName\":\"search_term_string\"}}],\"inLanguage\":\"en-US\"},{\"@type\":[\"Person\",\"Organization\"],\"@id\":\"https:\\\/\\\/disfrutatuestancia.es\\\/en#\\\/schema\\\/person\\\/6acbf97c7a687f69d056e585faae278c\",\"name\":\"Olga Sanz\",\"image\":{\"@type\":\"ImageObject\",\"inLanguage\":\"en-US\",\"@id\":\"https:\\\/\\\/disfrutatuestancia.es\\\/wp-content\\\/uploads\\\/2018\\\/11\\\/IMG_7274-scaled.jpg\",\"url\":\"https:\\\/\\\/disfrutatuestancia.es\\\/wp-content\\\/uploads\\\/2018\\\/11\\\/IMG_7274-scaled.jpg\",\"contentUrl\":\"https:\\\/\\\/disfrutatuestancia.es\\\/wp-content\\\/uploads\\\/2018\\\/11\\\/IMG_7274-scaled.jpg\",\"width\":2560,\"height\":2560,\"caption\":\"Olga Sanz\"},\"logo\":{\"@id\":\"https:\\\/\\\/disfrutatuestancia.es\\\/wp-content\\\/uploads\\\/2018\\\/11\\\/IMG_7274-scaled.jpg\"},\"sameAs\":[\"https:\\\/\\\/disfrutatuestancia.es\\\/\",\"https:\\\/\\\/www.facebook.com\\\/Disfruta-tu-estancia-110455088312197\"]}]}<\/script>\n<!-- \/ Yoast SEO plugin. -->","yoast_head_json":{"title":"About me - Disfruta tu estancia","description":"My goal is to make you enjoy the experience and your accommodation, savoring each and every minute you are in our homes.","robots":{"index":"index","follow":"follow","max-snippet":"max-snippet:-1","max-image-preview":"max-image-preview:large","max-video-preview":"max-video-preview:-1"},"canonical":"https:\/\/disfrutatuestancia.es\/en\/about-us","og_locale":"en_US","og_type":"article","og_title":"About me - Disfruta tu estancia","og_description":"My goal is to make you enjoy the experience and your accommodation, savoring each and every minute you are in our homes.","og_url":"https:\/\/disfrutatuestancia.es\/en\/about-us","og_site_name":"Disfruta tu estancia","article_publisher":"https:\/\/www.facebook.com\/Disfruta-tu-estancia-110455088312197","article_modified_time":"2024-03-12T22:15:49+00:00","og_image":[{"width":2560,"height":1920,"url":"https:\/\/disfrutatuestancia.es\/wp-content\/uploads\/2015\/01\/Porche-scaled.jpg","type":"image\/jpeg"}],"twitter_card":"summary_large_image","twitter_misc":{"Est. reading time":"3 minutes"},"schema":{"@context":"https:\/\/schema.org","@graph":[{"@type":"WebPage","@id":"https:\/\/disfrutatuestancia.es\/en\/about-us","url":"https:\/\/disfrutatuestancia.es\/en\/about-us","name":"About me - Disfruta tu estancia","isPartOf":{"@id":"https:\/\/disfrutatuestancia.es\/en#website"},"primaryImageOfPage":{"@id":"https:\/\/disfrutatuestancia.es\/en\/about-us#primaryimage"},"image":{"@id":"https:\/\/disfrutatuestancia.es\/en\/about-us#primaryimage"},"thumbnailUrl":"https:\/\/disfrutatuestancia.es\/wp-content\/uploads\/2015\/01\/Porche-scaled.jpg","datePublished":"2018-12-10T03:06:47+00:00","dateModified":"2024-03-12T22:15:49+00:00","description":"My goal is to make you enjoy the experience and your accommodation, savoring each and every minute you are in our homes.","breadcrumb":{"@id":"https:\/\/disfrutatuestancia.es\/en\/about-us#breadcrumb"},"inLanguage":"en-US","potentialAction":[{"@type":"ReadAction","target":["https:\/\/disfrutatuestancia.es\/en\/about-us"]}]},{"@type":"ImageObject","inLanguage":"en-US","@id":"https:\/\/disfrutatuestancia.es\/en\/about-us#primaryimage","url":"https:\/\/disfrutatuestancia.es\/wp-content\/uploads\/2015\/01\/Porche-scaled.jpg","contentUrl":"https:\/\/disfrutatuestancia.es\/wp-content\/uploads\/2015\/01\/Porche-scaled.jpg","width":2560,"height":1920},{"@type":"BreadcrumbList","@id":"https:\/\/disfrutatuestancia.es\/en\/about-us#breadcrumb","itemListElement":[{"@type":"ListItem","position":1,"name":"Portada","item":"https:\/\/disfrutatuestancia.es\/en\/home-page"},{"@type":"ListItem","position":2,"name":"About me"}]},{"@type":"WebSite","@id":"https:\/\/disfrutatuestancia.es\/en#website","url":"https:\/\/disfrutatuestancia.es\/en","name":"Disfruta tu Estancia","description":"\u00bfQuieres relajarte?","publisher":{"@id":"https:\/\/disfrutatuestancia.es\/en#\/schema\/person\/6acbf97c7a687f69d056e585faae278c"},"alternateName":"DtuE","potentialAction":[{"@type":"SearchAction","target":{"@type":"EntryPoint","urlTemplate":"https:\/\/disfrutatuestancia.es\/en?s={search_term_string}"},"query-input":{"@type":"PropertyValueSpecification","valueRequired":true,"valueName":"search_term_string"}}],"inLanguage":"en-US"},{"@type":["Person","Organization"],"@id":"https:\/\/disfrutatuestancia.es\/en#\/schema\/person\/6acbf97c7a687f69d056e585faae278c","name":"Olga Sanz","image":{"@type":"ImageObject","inLanguage":"en-US","@id":"https:\/\/disfrutatuestancia.es\/wp-content\/uploads\/2018\/11\/IMG_7274-scaled.jpg","url":"https:\/\/disfrutatuestancia.es\/wp-content\/uploads\/2018\/11\/IMG_7274-scaled.jpg","contentUrl":"https:\/\/disfrutatuestancia.es\/wp-content\/uploads\/2018\/11\/IMG_7274-scaled.jpg","width":2560,"height":2560,"caption":"Olga Sanz"},"logo":{"@id":"https:\/\/disfrutatuestancia.es\/wp-content\/uploads\/2018\/11\/IMG_7274-scaled.jpg"},"sameAs":["https:\/\/disfrutatuestancia.es\/","https:\/\/www.facebook.com\/Disfruta-tu-estancia-110455088312197"]}]}},"_links":{"self":[{"href":"https:\/\/disfrutatuestancia.es\/en\/wp-json\/wp\/v2\/pages\/10693","targetHints":{"allow":["GET"]}}],"collection":[{"href":"https:\/\/disfrutatuestancia.es\/en\/wp-json\/wp\/v2\/pages"}],"about":[{"href":"https:\/\/disfrutatuestancia.es\/en\/wp-json\/wp\/v2\/types\/page"}],"author":[{"embeddable":true,"href":"https:\/\/disfrutatuestancia.es\/en\/wp-json\/wp\/v2\/users\/2"}],"replies":[{"embeddable":true,"href":"https:\/\/disfrutatuestancia.es\/en\/wp-json\/wp\/v2\/comments?post=10693"}],"version-history":[{"count":9,"href":"https:\/\/disfrutatuestancia.es\/en\/wp-json\/wp\/v2\/pages\/10693\/revisions"}],"predecessor-version":[{"id":12749,"href":"https:\/\/disfrutatuestancia.es\/en\/wp-json\/wp\/v2\/pages\/10693\/revisions\/12749"}],"wp:featuredmedia":[{"embeddable":true,"href":"https:\/\/disfrutatuestancia.es\/en\/wp-json\/wp\/v2\/media\/12604"}],"wp:attachment":[{"href":"https:\/\/disfrutatuestancia.es\/en\/wp-json\/wp\/v2\/media?parent=10693"}],"curies":[{"name":"wp","href":"https:\/\/api.w.org\/{rel}","templated":true}]}}