{"id":10724,"date":"2018-12-10T04:55:29","date_gmt":"2018-12-10T04:55:29","guid":{"rendered":"https:\/\/disfrutatuestancia.es\/contact"},"modified":"2024-04-27T08:40:52","modified_gmt":"2024-04-27T08:40:52","slug":"contact","status":"publish","type":"page","link":"https:\/\/disfrutatuestancia.es\/en\/contact","title":{"rendered":"Contact"},"content":{"rendered":"<div class=\"wpb-content-wrapper\"><p>[vc_row][vc_column][vc_empty_space height=&#8221;75px&#8221;][\/vc_column][\/vc_row][vc_row][vc_column width=&#8221;5\/12&#8243;]\n<div class=\"wpcf7 no-js\" id=\"wpcf7-f7467-o1\" lang=\"en-US\" dir=\"ltr\" data-wpcf7-id=\"7467\">\n<div class=\"screen-reader-response\"><p role=\"status\" aria-live=\"polite\" aria-atomic=\"true\"><\/p> <ul><\/ul><\/div>\n<form action=\"\/en\/wp-json\/wp\/v2\/pages\/10724#wpcf7-f7467-o1\" method=\"post\" class=\"wpcf7-form init\" aria-label=\"Contact form\" novalidate=\"novalidate\" data-status=\"init\">\n<fieldset class=\"hidden-fields-container\"><input type=\"hidden\" name=\"_wpcf7\" value=\"7467\" \/><input type=\"hidden\" name=\"_wpcf7_version\" value=\"6.1.5\" \/><input type=\"hidden\" name=\"_wpcf7_locale\" value=\"en_US\" \/><input type=\"hidden\" name=\"_wpcf7_unit_tag\" value=\"wpcf7-f7467-o1\" \/><input type=\"hidden\" name=\"_wpcf7_container_post\" value=\"0\" \/><input type=\"hidden\" name=\"_wpcf7_posted_data_hash\" value=\"\" \/><input type=\"hidden\" name=\"_wpcf7_recaptcha_response\" value=\"\" \/>\n<\/fieldset>\n<div class=\"st-contact-form\">\n\t<div class=\"contact-header\">\n\t\t<h3>Me encantar\u00eda saber de t\u00ed\n\t\t<\/h3>\n\t\t<p>\u00bfTienes alguna duda con la reserva? \u00bfo quieres saber si est\u00e1n incluidas las toallas? \u00bfo si hay le\u00f1a para hacer la barbacoa? \u00bfo qu\u00e9 sitios hay interesantes por la zona? M\u00e1ndame un mensaje y te responder\u00e9 tan pronto como me sea posible.\n\t\t<\/p>\n\t<\/div>\n\t<div class=\"contact-form\">\n\t\t<div class=\"form-group\">\n\t\t\t<p><span class=\"wpcf7-form-control-wrap\" data-name=\"your-name\"><input size=\"40\" maxlength=\"400\" class=\"wpcf7-form-control wpcf7-text wpcf7-validates-as-required form-control\" aria-required=\"true\" aria-invalid=\"false\" placeholder=\"Nombre\" value=\"\" type=\"text\" name=\"your-name\" \/><\/span>\n\t\t\t<\/p>\n\t\t<\/div>\n\t\t<div class=\"form-group\">\n\t\t\t<p><span class=\"wpcf7-form-control-wrap\" data-name=\"your-email\"><input size=\"40\" maxlength=\"400\" class=\"wpcf7-form-control wpcf7-email wpcf7-validates-as-required wpcf7-text wpcf7-validates-as-email form-control\" aria-required=\"true\" aria-invalid=\"false\" placeholder=\"Email\" value=\"\" type=\"email\" name=\"your-email\" \/><\/span>\n\t\t\t<\/p>\n\t\t<\/div>\n\t\t<div class=\"form-group\">\n\t\t\t<p><span class=\"wpcf7-form-control-wrap\" data-name=\"your-message\"><textarea cols=\"40\" rows=\"10\" maxlength=\"2000\" class=\"wpcf7-form-control wpcf7-textarea form-control\" aria-invalid=\"false\" placeholder=\"Mensaje\" name=\"your-message\"><\/textarea><\/span>\n\t\t\t<\/p>\n\t\t<\/div>\n\t\t<p><input class=\"wpcf7-form-control wpcf7-submit has-spinner btn btn-primary\" type=\"submit\" value=\"ENVIAR\" \/>\n\t\t<\/p>\n\t<\/div>\n<\/div><div class=\"wpcf7-response-output\" aria-hidden=\"true\"><\/div>\n<\/form>\n<\/div>\n[vc_empty_space height=&#8221;25px&#8221;][\/vc_column][vc_column width=&#8221;1\/12&#8243;][\/vc_column][vc_column width=&#8221;5\/12&#8243;][vc_column_text]<span style=\"font-size: 14pt;\"><strong><span style=\"font-family: verdana, geneva, sans-serif;\">Enjoy your stay<\/span><\/strong><\/span><\/p>\n<p>&nbsp;<\/p>\n<p><span style=\"font-family: verdana, geneva, sans-serif;\">Tel: +34 687 701 847<\/span><\/p>\n<p><span style=\"font-family: verdana, geneva, sans-serif;\">email: olga@disfrutatuestancia.es<\/span>[\/vc_column_text][vc_empty_space height=&#8221;75px&#8221;][\/vc_column][\/vc_row]<\/p>\n<\/div>","protected":false},"excerpt":{"rendered":"<p>[vc_row][vc_column][vc_empty_space height=&#8221;75px&#8221;][\/vc_column][\/vc_row][vc_row][vc_column width=&#8221;5\/12&#8243;][vc_empty_space height=&#8221;25px&#8221;][\/vc_column][vc_column width=&#8221;1\/12&#8243;][\/vc_column][vc_column width=&#8221;5\/12&#8243;][vc_column_text]Enjoy your stay &nbsp; Tel: +34 687 701 847 email: olga@disfrutatuestancia.es[\/vc_column_text][vc_empty_space height=&#8221;75px&#8221;][\/vc_column][\/vc_row]<\/p>\n","protected":false},"author":2,"featured_media":12598,"parent":0,"menu_order":0,"comment_status":"closed","ping_status":"closed","template":"template-blank.php","meta":{"om_disable_all_campaigns":false,"_monsterinsights_skip_tracking":false,"_monsterinsights_sitenote_active":false,"_monsterinsights_sitenote_note":"","_monsterinsights_sitenote_category":0,"footnotes":""},"class_list":["post-10724","page","type-page","status-publish","has-post-thumbnail","hentry"],"yoast_head":"<!-- This site is optimized with the Yoast SEO plugin v27.4 - https:\/\/yoast.com\/product\/yoast-seo-wordpress\/ -->\n<title>Shall we establish contact? - Disfruta tu estancia<\/title>\n<meta name=\"description\" content=\"Shall we establish contact? I will be happy to answer any questions you may have, both in the booking process and during your stay.\" \/>\n<meta name=\"robots\" content=\"index, follow, max-snippet:-1, max-image-preview:large, max-video-preview:-1\" \/>\n<link rel=\"canonical\" href=\"https:\/\/disfrutatuestancia.es\/en\/contact\" \/>\n<meta property=\"og:locale\" content=\"en_US\" \/>\n<meta property=\"og:type\" content=\"article\" \/>\n<meta property=\"og:title\" content=\"Shall we establish contact? - Disfruta tu estancia\" \/>\n<meta property=\"og:description\" content=\"Shall we establish contact? I will be happy to answer any questions you may have, both in the booking process and during your stay.\" \/>\n<meta property=\"og:url\" content=\"https:\/\/disfrutatuestancia.es\/en\/contact\" \/>\n<meta property=\"og:site_name\" content=\"Disfruta tu estancia\" \/>\n<meta property=\"article:publisher\" content=\"https:\/\/www.facebook.com\/Disfruta-tu-estancia-110455088312197\" \/>\n<meta property=\"article:modified_time\" content=\"2024-04-27T08:40:52+00:00\" \/>\n<meta property=\"og:image\" content=\"https:\/\/disfrutatuestancia.es\/wp-content\/uploads\/2015\/01\/Piscina-y-porche-scaled.jpg\" \/>\n\t<meta property=\"og:image:width\" content=\"2560\" \/>\n\t<meta property=\"og:image:height\" content=\"1920\" \/>\n\t<meta property=\"og:image:type\" content=\"image\/jpeg\" \/>\n<meta name=\"twitter:card\" content=\"summary_large_image\" \/>\n<meta name=\"twitter:label1\" content=\"Est. reading time\" \/>\n\t<meta name=\"twitter:data1\" content=\"1 minute\" \/>\n<script type=\"application\/ld+json\" class=\"yoast-schema-graph\">{\"@context\":\"https:\\\/\\\/schema.org\",\"@graph\":[{\"@type\":\"WebPage\",\"@id\":\"https:\\\/\\\/disfrutatuestancia.es\\\/en\\\/contact\",\"url\":\"https:\\\/\\\/disfrutatuestancia.es\\\/en\\\/contact\",\"name\":\"Shall we establish contact? - Disfruta tu estancia\",\"isPartOf\":{\"@id\":\"https:\\\/\\\/disfrutatuestancia.es\\\/en#website\"},\"primaryImageOfPage\":{\"@id\":\"https:\\\/\\\/disfrutatuestancia.es\\\/en\\\/contact#primaryimage\"},\"image\":{\"@id\":\"https:\\\/\\\/disfrutatuestancia.es\\\/en\\\/contact#primaryimage\"},\"thumbnailUrl\":\"https:\\\/\\\/disfrutatuestancia.es\\\/wp-content\\\/uploads\\\/2015\\\/01\\\/Piscina-y-porche-scaled.jpg\",\"datePublished\":\"2018-12-10T04:55:29+00:00\",\"dateModified\":\"2024-04-27T08:40:52+00:00\",\"description\":\"Shall we establish contact? I will be happy to answer any questions you may have, both in the booking process and during your stay.\",\"breadcrumb\":{\"@id\":\"https:\\\/\\\/disfrutatuestancia.es\\\/en\\\/contact#breadcrumb\"},\"inLanguage\":\"en-US\",\"potentialAction\":[{\"@type\":\"ReadAction\",\"target\":[\"https:\\\/\\\/disfrutatuestancia.es\\\/en\\\/contact\"]}]},{\"@type\":\"ImageObject\",\"inLanguage\":\"en-US\",\"@id\":\"https:\\\/\\\/disfrutatuestancia.es\\\/en\\\/contact#primaryimage\",\"url\":\"https:\\\/\\\/disfrutatuestancia.es\\\/wp-content\\\/uploads\\\/2015\\\/01\\\/Piscina-y-porche-scaled.jpg\",\"contentUrl\":\"https:\\\/\\\/disfrutatuestancia.es\\\/wp-content\\\/uploads\\\/2015\\\/01\\\/Piscina-y-porche-scaled.jpg\",\"width\":2560,\"height\":1920},{\"@type\":\"BreadcrumbList\",\"@id\":\"https:\\\/\\\/disfrutatuestancia.es\\\/en\\\/contact#breadcrumb\",\"itemListElement\":[{\"@type\":\"ListItem\",\"position\":1,\"name\":\"Portada\",\"item\":\"https:\\\/\\\/disfrutatuestancia.es\\\/en\\\/home-page\"},{\"@type\":\"ListItem\",\"position\":2,\"name\":\"Contact\"}]},{\"@type\":\"WebSite\",\"@id\":\"https:\\\/\\\/disfrutatuestancia.es\\\/en#website\",\"url\":\"https:\\\/\\\/disfrutatuestancia.es\\\/en\",\"name\":\"Disfruta tu Estancia\",\"description\":\"\u00bfQuieres relajarte?\",\"publisher\":{\"@id\":\"https:\\\/\\\/disfrutatuestancia.es\\\/en#\\\/schema\\\/person\\\/6acbf97c7a687f69d056e585faae278c\"},\"alternateName\":\"DtuE\",\"potentialAction\":[{\"@type\":\"SearchAction\",\"target\":{\"@type\":\"EntryPoint\",\"urlTemplate\":\"https:\\\/\\\/disfrutatuestancia.es\\\/en?s={search_term_string}\"},\"query-input\":{\"@type\":\"PropertyValueSpecification\",\"valueRequired\":true,\"valueName\":\"search_term_string\"}}],\"inLanguage\":\"en-US\"},{\"@type\":[\"Person\",\"Organization\"],\"@id\":\"https:\\\/\\\/disfrutatuestancia.es\\\/en#\\\/schema\\\/person\\\/6acbf97c7a687f69d056e585faae278c\",\"name\":\"Olga Sanz\",\"image\":{\"@type\":\"ImageObject\",\"inLanguage\":\"en-US\",\"@id\":\"https:\\\/\\\/disfrutatuestancia.es\\\/wp-content\\\/uploads\\\/2018\\\/11\\\/IMG_7274-scaled.jpg\",\"url\":\"https:\\\/\\\/disfrutatuestancia.es\\\/wp-content\\\/uploads\\\/2018\\\/11\\\/IMG_7274-scaled.jpg\",\"contentUrl\":\"https:\\\/\\\/disfrutatuestancia.es\\\/wp-content\\\/uploads\\\/2018\\\/11\\\/IMG_7274-scaled.jpg\",\"width\":2560,\"height\":2560,\"caption\":\"Olga Sanz\"},\"logo\":{\"@id\":\"https:\\\/\\\/disfrutatuestancia.es\\\/wp-content\\\/uploads\\\/2018\\\/11\\\/IMG_7274-scaled.jpg\"},\"sameAs\":[\"https:\\\/\\\/disfrutatuestancia.es\\\/\",\"https:\\\/\\\/www.facebook.com\\\/Disfruta-tu-estancia-110455088312197\"]}]}<\/script>\n<!-- \/ Yoast SEO plugin. -->","yoast_head_json":{"title":"Shall we establish contact? - Disfruta tu estancia","description":"Shall we establish contact? I will be happy to answer any questions you may have, both in the booking process and during your stay.","robots":{"index":"index","follow":"follow","max-snippet":"max-snippet:-1","max-image-preview":"max-image-preview:large","max-video-preview":"max-video-preview:-1"},"canonical":"https:\/\/disfrutatuestancia.es\/en\/contact","og_locale":"en_US","og_type":"article","og_title":"Shall we establish contact? - Disfruta tu estancia","og_description":"Shall we establish contact? I will be happy to answer any questions you may have, both in the booking process and during your stay.","og_url":"https:\/\/disfrutatuestancia.es\/en\/contact","og_site_name":"Disfruta tu estancia","article_publisher":"https:\/\/www.facebook.com\/Disfruta-tu-estancia-110455088312197","article_modified_time":"2024-04-27T08:40:52+00:00","og_image":[{"width":2560,"height":1920,"url":"https:\/\/disfrutatuestancia.es\/wp-content\/uploads\/2015\/01\/Piscina-y-porche-scaled.jpg","type":"image\/jpeg"}],"twitter_card":"summary_large_image","twitter_misc":{"Est. reading time":"1 minute"},"schema":{"@context":"https:\/\/schema.org","@graph":[{"@type":"WebPage","@id":"https:\/\/disfrutatuestancia.es\/en\/contact","url":"https:\/\/disfrutatuestancia.es\/en\/contact","name":"Shall we establish contact? - Disfruta tu estancia","isPartOf":{"@id":"https:\/\/disfrutatuestancia.es\/en#website"},"primaryImageOfPage":{"@id":"https:\/\/disfrutatuestancia.es\/en\/contact#primaryimage"},"image":{"@id":"https:\/\/disfrutatuestancia.es\/en\/contact#primaryimage"},"thumbnailUrl":"https:\/\/disfrutatuestancia.es\/wp-content\/uploads\/2015\/01\/Piscina-y-porche-scaled.jpg","datePublished":"2018-12-10T04:55:29+00:00","dateModified":"2024-04-27T08:40:52+00:00","description":"Shall we establish contact? I will be happy to answer any questions you may have, both in the booking process and during your stay.","breadcrumb":{"@id":"https:\/\/disfrutatuestancia.es\/en\/contact#breadcrumb"},"inLanguage":"en-US","potentialAction":[{"@type":"ReadAction","target":["https:\/\/disfrutatuestancia.es\/en\/contact"]}]},{"@type":"ImageObject","inLanguage":"en-US","@id":"https:\/\/disfrutatuestancia.es\/en\/contact#primaryimage","url":"https:\/\/disfrutatuestancia.es\/wp-content\/uploads\/2015\/01\/Piscina-y-porche-scaled.jpg","contentUrl":"https:\/\/disfrutatuestancia.es\/wp-content\/uploads\/2015\/01\/Piscina-y-porche-scaled.jpg","width":2560,"height":1920},{"@type":"BreadcrumbList","@id":"https:\/\/disfrutatuestancia.es\/en\/contact#breadcrumb","itemListElement":[{"@type":"ListItem","position":1,"name":"Portada","item":"https:\/\/disfrutatuestancia.es\/en\/home-page"},{"@type":"ListItem","position":2,"name":"Contact"}]},{"@type":"WebSite","@id":"https:\/\/disfrutatuestancia.es\/en#website","url":"https:\/\/disfrutatuestancia.es\/en","name":"Disfruta tu Estancia","description":"\u00bfQuieres relajarte?","publisher":{"@id":"https:\/\/disfrutatuestancia.es\/en#\/schema\/person\/6acbf97c7a687f69d056e585faae278c"},"alternateName":"DtuE","potentialAction":[{"@type":"SearchAction","target":{"@type":"EntryPoint","urlTemplate":"https:\/\/disfrutatuestancia.es\/en?s={search_term_string}"},"query-input":{"@type":"PropertyValueSpecification","valueRequired":true,"valueName":"search_term_string"}}],"inLanguage":"en-US"},{"@type":["Person","Organization"],"@id":"https:\/\/disfrutatuestancia.es\/en#\/schema\/person\/6acbf97c7a687f69d056e585faae278c","name":"Olga Sanz","image":{"@type":"ImageObject","inLanguage":"en-US","@id":"https:\/\/disfrutatuestancia.es\/wp-content\/uploads\/2018\/11\/IMG_7274-scaled.jpg","url":"https:\/\/disfrutatuestancia.es\/wp-content\/uploads\/2018\/11\/IMG_7274-scaled.jpg","contentUrl":"https:\/\/disfrutatuestancia.es\/wp-content\/uploads\/2018\/11\/IMG_7274-scaled.jpg","width":2560,"height":2560,"caption":"Olga Sanz"},"logo":{"@id":"https:\/\/disfrutatuestancia.es\/wp-content\/uploads\/2018\/11\/IMG_7274-scaled.jpg"},"sameAs":["https:\/\/disfrutatuestancia.es\/","https:\/\/www.facebook.com\/Disfruta-tu-estancia-110455088312197"]}]}},"_links":{"self":[{"href":"https:\/\/disfrutatuestancia.es\/en\/wp-json\/wp\/v2\/pages\/10724","targetHints":{"allow":["GET"]}}],"collection":[{"href":"https:\/\/disfrutatuestancia.es\/en\/wp-json\/wp\/v2\/pages"}],"about":[{"href":"https:\/\/disfrutatuestancia.es\/en\/wp-json\/wp\/v2\/types\/page"}],"author":[{"embeddable":true,"href":"https:\/\/disfrutatuestancia.es\/en\/wp-json\/wp\/v2\/users\/2"}],"replies":[{"embeddable":true,"href":"https:\/\/disfrutatuestancia.es\/en\/wp-json\/wp\/v2\/comments?post=10724"}],"version-history":[{"count":12,"href":"https:\/\/disfrutatuestancia.es\/en\/wp-json\/wp\/v2\/pages\/10724\/revisions"}],"predecessor-version":[{"id":12889,"href":"https:\/\/disfrutatuestancia.es\/en\/wp-json\/wp\/v2\/pages\/10724\/revisions\/12889"}],"wp:featuredmedia":[{"embeddable":true,"href":"https:\/\/disfrutatuestancia.es\/en\/wp-json\/wp\/v2\/media\/12598"}],"wp:attachment":[{"href":"https:\/\/disfrutatuestancia.es\/en\/wp-json\/wp\/v2\/media?parent=10724"}],"curies":[{"name":"wp","href":"https:\/\/api.w.org\/{rel}","templated":true}]}}