{"id":12510,"date":"2023-07-29T21:54:08","date_gmt":"2023-07-29T21:54:08","guid":{"rendered":"https:\/\/disfrutatuestancia.es\/politica-legal-y-de-privacidad"},"modified":"2024-03-12T20:14:00","modified_gmt":"2024-03-12T20:14:00","slug":"politica-legal-y-de-privacidad","status":"publish","type":"page","link":"https:\/\/disfrutatuestancia.es\/fr\/politica-legal-y-de-privacidad","title":{"rendered":"Politique juridique et de confidentialit\u00e9"},"content":{"rendered":"<p><strong><span style=\"font-family: verdana, geneva, sans-serif;\">Politique juridique :<\/span><\/strong><\/p>\n<p><span style=\"font-family: verdana, geneva, sans-serif;\">Bienvenue \u00e0 Disfruta tu Estancia. Avant d&rsquo;utiliser nos services, nous te recommandons de lire attentivement notre Politique juridique et de confidentialit\u00e9, car l&rsquo;acc\u00e8s et l&rsquo;utilisation de notre site Web impliquent l&rsquo;acceptation des conditions g\u00e9n\u00e9rales suivantes :<\/span><\/p>\n<p><strong><span style=\"font-family: verdana, geneva, sans-serif;\">Propri\u00e9t\u00e9 intellectuelle :<\/span><\/strong><br \/>\n<span style=\"font-family: verdana, geneva, sans-serif;\">Tout le contenu de notre site web, y compris les textes, images, logos, graphiques, vid\u00e9os et autres \u00e9l\u00e9ments, sont prot\u00e9g\u00e9s par des droits de propri\u00e9t\u00e9 intellectuelle et sont la propri\u00e9t\u00e9 exclusive de Disfruta tu Estancia. La reproduction, la distribution, la modification ou l&rsquo;utilisation sans notre consentement expr\u00e8s sont strictement interdites.<\/span><\/p>\n<p><strong><span style=\"font-family: verdana, geneva, sans-serif;\">2. responsabilit\u00e9 des utilisateurs :<\/span><\/strong><br \/>\n<span style=\"font-family: verdana, geneva, sans-serif;\">L&rsquo;utilisation de notre site Internet rel\u00e8ve de la seule responsabilit\u00e9 de l&rsquo;utilisateur. Nous ne sommes pas responsables des dommages ou blessures caus\u00e9s par une mauvaise utilisation du site, ou par des erreurs ou des interruptions dans son fonctionnement.<\/span><\/p>\n<p><span style=\"font-family: verdana, geneva, sans-serif;\"><strong>3. Liens avec des tiers :<\/strong><\/span><br \/>\n<span style=\"font-family: verdana, geneva, sans-serif;\">Notre site web peut contenir des liens vers des sites web externes de tiers. Nous ne sommes pas responsables du contenu ou des politiques de confidentialit\u00e9 de ces sites, tu dois donc consulter leurs politiques avant de les utiliser.<\/span><\/p>\n<p><strong><span style=\"font-family: verdana, geneva, sans-serif;\">4. Modifications de la politique juridique :<\/span><\/strong><br \/>\n<span style=\"font-family: verdana, geneva, sans-serif;\">Nous nous r\u00e9servons le droit de modifier cette politique juridique \u00e0 tout moment et sans pr\u00e9avis. Nous te recommandons de consulter r\u00e9guli\u00e8rement cette page pour v\u00e9rifier si des changements y ont \u00e9t\u00e9 apport\u00e9s.<\/span><\/p>\n<p>&nbsp;<\/p>\n<p><strong><span style=\"font-family: verdana, geneva, sans-serif;\">Politique en mati\u00e8re de confidentialit\u00e9 et de cookies :<\/span><\/strong><\/p>\n<p><span style=\"font-family: verdana, geneva, sans-serif;\">Disfruta tu Estancia s&rsquo;engage \u00e0 prot\u00e9ger ta vie priv\u00e9e et \u00e0 assurer la s\u00e9curit\u00e9 des informations que tu nous fournis. Nous expliquons ci-dessous comment nous recueillons, utilisons et prot\u00e9geons tes donn\u00e9es personnelles :<\/span><\/p>\n<p><strong><span style=\"font-family: verdana, geneva, sans-serif;\">1. les informations que nous recueillons :<\/span><\/strong><br \/>\n<span style=\"font-family: verdana, geneva, sans-serif;\">Lorsque tu t&rsquo;inscris sur notre site Internet ou que tu fais une r\u00e9servation, nous pouvons recueillir des informations personnelles telles que ton nom, ton adresse \u00e9lectronique, ton num\u00e9ro de t\u00e9l\u00e9phone et ton adresse postale. Nous recueillons \u00e9galement des informations li\u00e9es \u00e0 tes pr\u00e9f\u00e9rences en mati\u00e8re d&rsquo;h\u00e9bergement et toute autre information que tu choisis de partager avec nous.<\/span><\/p>\n<p><strong><span style=\"font-family: verdana, geneva, sans-serif;\">2. Utilisation des informations :<\/span><\/strong><br \/>\n<span style=\"font-family: verdana, geneva, sans-serif;\">Nous utilisons les informations que nous recueillons pour g\u00e9rer ta r\u00e9servation, communiquer avec toi, te fournir des informations sur nos services, personnaliser ton exp\u00e9rience sur notre site Web et am\u00e9liorer nos services en g\u00e9n\u00e9ral. Nous ne partagerons pas tes informations avec des tiers, sauf si cela est n\u00e9cessaire pour l&rsquo;ex\u00e9cution de services contractuels.<\/span><\/p>\n<p><strong><span style=\"font-family: verdana, geneva, sans-serif;\">3. la s\u00e9curit\u00e9 de l&rsquo;information :<\/span><\/strong><br \/>\n<span style=\"font-family: verdana, geneva, sans-serif;\">Nous avons mis en place des mesures de s\u00e9curit\u00e9 appropri\u00e9es pour prot\u00e9ger tes donn\u00e9es personnelles contre l&rsquo;acc\u00e8s non autoris\u00e9, la perte ou l&rsquo;alt\u00e9ration. Cependant, aucune transmission de donn\u00e9es sur Internet n&rsquo;est compl\u00e8tement s\u00e9curis\u00e9e, nous ne pouvons donc pas garantir la s\u00e9curit\u00e9 absolue de tes donn\u00e9es.<\/span><\/p>\n<p><strong><span style=\"font-family: verdana, geneva, sans-serif;\">4. Les cookies :<\/span><\/strong><br \/>\n<span style=\"font-family: verdana, geneva, sans-serif;\">Nous utilisons des cookies sur notre site Internet pour am\u00e9liorer ton exp\u00e9rience de navigation. Les cookies sont de petits fichiers texte qui sont stock\u00e9s sur ton appareil lorsque tu visites notre site. Tu peux configurer ton navigateur pour qu&rsquo;il refuse tout ou partie des cookies, mais sache que cela peut affecter la fonctionnalit\u00e9 du site.<\/span><\/p>\n<p><strong><span style=\"font-family: verdana, geneva, sans-serif;\">5. Droits d&rsquo;acc\u00e8s et de rectification :<\/span><\/strong><br \/>\n<span style=\"font-family: verdana, geneva, sans-serif;\">Tu as le droit d&rsquo;acc\u00e9der \u00e0 tes donn\u00e9es personnelles, de les corriger ou de les supprimer. Si tu souhaites exercer ces droits, contacte-nous \u00e0 l&rsquo;adresse olga@disfrutatuestancia.es.<\/span><\/p>\n<p><span style=\"font-family: verdana, geneva, sans-serif;\">En utilisant nos services, tu acceptes cette politique de confidentialit\u00e9 et de cookies. Si tu as des questions ou des pr\u00e9occupations concernant le traitement de tes donn\u00e9es personnelles, n&rsquo;h\u00e9site pas \u00e0 nous contacter.<\/span><\/p>\n<p>&nbsp;<\/p>\n","protected":false},"excerpt":{"rendered":"<p>Politique juridique : Bienvenue \u00e0 Disfruta tu Estancia. Avant d&rsquo;utiliser nos services, nous te recommandons de lire attentivement notre Politique juridique et de confidentialit\u00e9, car l&rsquo;acc\u00e8s et l&rsquo;utilisation de notre site Web impliquent l&rsquo;acceptation des conditions g\u00e9n\u00e9rales suivantes : Propri\u00e9t\u00e9 intellectuelle : Tout le contenu de notre site web, y compris les textes, images, logos, [&hellip;]<\/p>\n","protected":false},"author":1,"featured_media":12468,"parent":0,"menu_order":0,"comment_status":"closed","ping_status":"closed","template":"","meta":{"om_disable_all_campaigns":false,"_monsterinsights_skip_tracking":false,"_monsterinsights_sitenote_active":false,"_monsterinsights_sitenote_note":"","_monsterinsights_sitenote_category":0,"footnotes":""},"class_list":["post-12510","page","type-page","status-publish","has-post-thumbnail","hentry"],"yoast_head":"<!-- This site is optimized with the Yoast SEO plugin v27.4 - https:\/\/yoast.com\/product\/yoast-seo-wordpress\/ -->\n<title>Politique juridique et de confidentialit\u00e9 - Disfruta tu estancia<\/title>\n<meta name=\"description\" content=\"Politique juridique et de confidentialit\u00e9 - Disfruta tu estancia\" \/>\n<meta name=\"robots\" content=\"index, follow, max-snippet:-1, max-image-preview:large, max-video-preview:-1\" \/>\n<link rel=\"canonical\" href=\"https:\/\/disfrutatuestancia.es\/fr\/politica-legal-y-de-privacidad\" \/>\n<meta property=\"og:locale\" content=\"fr_FR\" \/>\n<meta property=\"og:type\" content=\"article\" \/>\n<meta property=\"og:title\" content=\"Politique juridique et de confidentialit\u00e9 - Disfruta tu estancia\" \/>\n<meta property=\"og:description\" content=\"Politique juridique et de confidentialit\u00e9 - Disfruta tu estancia\" \/>\n<meta property=\"og:url\" content=\"https:\/\/disfrutatuestancia.es\/fr\/politica-legal-y-de-privacidad\" \/>\n<meta property=\"og:site_name\" content=\"Disfruta tu estancia\" \/>\n<meta property=\"article:publisher\" content=\"https:\/\/www.facebook.com\/Disfruta-tu-estancia-110455088312197\" \/>\n<meta property=\"article:modified_time\" content=\"2024-03-12T20:14:00+00:00\" \/>\n<meta property=\"og:image\" content=\"https:\/\/disfrutatuestancia.es\/wp-content\/uploads\/2023\/07\/Home_page_imagen_principal.png\" \/>\n\t<meta property=\"og:image:width\" content=\"1920\" \/>\n\t<meta property=\"og:image:height\" content=\"400\" \/>\n\t<meta property=\"og:image:type\" content=\"image\/png\" \/>\n<meta name=\"twitter:card\" content=\"summary_large_image\" \/>\n<meta name=\"twitter:label1\" content=\"Dur\u00e9e de lecture estim\u00e9e\" \/>\n\t<meta name=\"twitter:data1\" content=\"3 minutes\" \/>\n<script type=\"application\/ld+json\" class=\"yoast-schema-graph\">{\"@context\":\"https:\\\/\\\/schema.org\",\"@graph\":[{\"@type\":\"WebPage\",\"@id\":\"https:\\\/\\\/disfrutatuestancia.es\\\/fr\\\/politica-legal-y-de-privacidad\",\"url\":\"https:\\\/\\\/disfrutatuestancia.es\\\/fr\\\/politica-legal-y-de-privacidad\",\"name\":\"Politique juridique et de confidentialit\u00e9 - Disfruta tu estancia\",\"isPartOf\":{\"@id\":\"https:\\\/\\\/disfrutatuestancia.es\\\/fr#website\"},\"primaryImageOfPage\":{\"@id\":\"https:\\\/\\\/disfrutatuestancia.es\\\/fr\\\/politica-legal-y-de-privacidad#primaryimage\"},\"image\":{\"@id\":\"https:\\\/\\\/disfrutatuestancia.es\\\/fr\\\/politica-legal-y-de-privacidad#primaryimage\"},\"thumbnailUrl\":\"https:\\\/\\\/disfrutatuestancia.es\\\/wp-content\\\/uploads\\\/2023\\\/07\\\/Home_page_imagen_principal.png\",\"datePublished\":\"2023-07-29T21:54:08+00:00\",\"dateModified\":\"2024-03-12T20:14:00+00:00\",\"description\":\"Politique juridique et de confidentialit\u00e9 - Disfruta tu estancia\",\"breadcrumb\":{\"@id\":\"https:\\\/\\\/disfrutatuestancia.es\\\/fr\\\/politica-legal-y-de-privacidad#breadcrumb\"},\"inLanguage\":\"fr-FR\",\"potentialAction\":[{\"@type\":\"ReadAction\",\"target\":[\"https:\\\/\\\/disfrutatuestancia.es\\\/fr\\\/politica-legal-y-de-privacidad\"]}]},{\"@type\":\"ImageObject\",\"inLanguage\":\"fr-FR\",\"@id\":\"https:\\\/\\\/disfrutatuestancia.es\\\/fr\\\/politica-legal-y-de-privacidad#primaryimage\",\"url\":\"https:\\\/\\\/disfrutatuestancia.es\\\/wp-content\\\/uploads\\\/2023\\\/07\\\/Home_page_imagen_principal.png\",\"contentUrl\":\"https:\\\/\\\/disfrutatuestancia.es\\\/wp-content\\\/uploads\\\/2023\\\/07\\\/Home_page_imagen_principal.png\",\"width\":1920,\"height\":400},{\"@type\":\"BreadcrumbList\",\"@id\":\"https:\\\/\\\/disfrutatuestancia.es\\\/fr\\\/politica-legal-y-de-privacidad#breadcrumb\",\"itemListElement\":[{\"@type\":\"ListItem\",\"position\":1,\"name\":\"Portada\",\"item\":\"https:\\\/\\\/disfrutatuestancia.es\\\/fr\"},{\"@type\":\"ListItem\",\"position\":2,\"name\":\"Politique juridique et de confidentialit\u00e9\"}]},{\"@type\":\"WebSite\",\"@id\":\"https:\\\/\\\/disfrutatuestancia.es\\\/fr#website\",\"url\":\"https:\\\/\\\/disfrutatuestancia.es\\\/fr\",\"name\":\"Disfruta tu Estancia\",\"description\":\"\u00bfQuieres relajarte?\",\"publisher\":{\"@id\":\"https:\\\/\\\/disfrutatuestancia.es\\\/fr#\\\/schema\\\/person\\\/6acbf97c7a687f69d056e585faae278c\"},\"alternateName\":\"DtuE\",\"potentialAction\":[{\"@type\":\"SearchAction\",\"target\":{\"@type\":\"EntryPoint\",\"urlTemplate\":\"https:\\\/\\\/disfrutatuestancia.es\\\/fr?s={search_term_string}\"},\"query-input\":{\"@type\":\"PropertyValueSpecification\",\"valueRequired\":true,\"valueName\":\"search_term_string\"}}],\"inLanguage\":\"fr-FR\"},{\"@type\":[\"Person\",\"Organization\"],\"@id\":\"https:\\\/\\\/disfrutatuestancia.es\\\/fr#\\\/schema\\\/person\\\/6acbf97c7a687f69d056e585faae278c\",\"name\":\"Olga Sanz\",\"image\":{\"@type\":\"ImageObject\",\"inLanguage\":\"fr-FR\",\"@id\":\"https:\\\/\\\/disfrutatuestancia.es\\\/wp-content\\\/uploads\\\/2018\\\/11\\\/IMG_7274-scaled.jpg\",\"url\":\"https:\\\/\\\/disfrutatuestancia.es\\\/wp-content\\\/uploads\\\/2018\\\/11\\\/IMG_7274-scaled.jpg\",\"contentUrl\":\"https:\\\/\\\/disfrutatuestancia.es\\\/wp-content\\\/uploads\\\/2018\\\/11\\\/IMG_7274-scaled.jpg\",\"width\":2560,\"height\":2560,\"caption\":\"Olga Sanz\"},\"logo\":{\"@id\":\"https:\\\/\\\/disfrutatuestancia.es\\\/wp-content\\\/uploads\\\/2018\\\/11\\\/IMG_7274-scaled.jpg\"},\"sameAs\":[\"https:\\\/\\\/disfrutatuestancia.es\\\/\",\"https:\\\/\\\/www.facebook.com\\\/Disfruta-tu-estancia-110455088312197\"]}]}<\/script>\n<!-- \/ Yoast SEO plugin. -->","yoast_head_json":{"title":"Politique juridique et de confidentialit\u00e9 - Disfruta tu estancia","description":"Politique juridique et de confidentialit\u00e9 - Disfruta tu estancia","robots":{"index":"index","follow":"follow","max-snippet":"max-snippet:-1","max-image-preview":"max-image-preview:large","max-video-preview":"max-video-preview:-1"},"canonical":"https:\/\/disfrutatuestancia.es\/fr\/politica-legal-y-de-privacidad","og_locale":"fr_FR","og_type":"article","og_title":"Politique juridique et de confidentialit\u00e9 - Disfruta tu estancia","og_description":"Politique juridique et de confidentialit\u00e9 - Disfruta tu estancia","og_url":"https:\/\/disfrutatuestancia.es\/fr\/politica-legal-y-de-privacidad","og_site_name":"Disfruta tu estancia","article_publisher":"https:\/\/www.facebook.com\/Disfruta-tu-estancia-110455088312197","article_modified_time":"2024-03-12T20:14:00+00:00","og_image":[{"width":1920,"height":400,"url":"https:\/\/disfrutatuestancia.es\/wp-content\/uploads\/2023\/07\/Home_page_imagen_principal.png","type":"image\/png"}],"twitter_card":"summary_large_image","twitter_misc":{"Dur\u00e9e de lecture estim\u00e9e":"3 minutes"},"schema":{"@context":"https:\/\/schema.org","@graph":[{"@type":"WebPage","@id":"https:\/\/disfrutatuestancia.es\/fr\/politica-legal-y-de-privacidad","url":"https:\/\/disfrutatuestancia.es\/fr\/politica-legal-y-de-privacidad","name":"Politique juridique et de confidentialit\u00e9 - Disfruta tu estancia","isPartOf":{"@id":"https:\/\/disfrutatuestancia.es\/fr#website"},"primaryImageOfPage":{"@id":"https:\/\/disfrutatuestancia.es\/fr\/politica-legal-y-de-privacidad#primaryimage"},"image":{"@id":"https:\/\/disfrutatuestancia.es\/fr\/politica-legal-y-de-privacidad#primaryimage"},"thumbnailUrl":"https:\/\/disfrutatuestancia.es\/wp-content\/uploads\/2023\/07\/Home_page_imagen_principal.png","datePublished":"2023-07-29T21:54:08+00:00","dateModified":"2024-03-12T20:14:00+00:00","description":"Politique juridique et de confidentialit\u00e9 - Disfruta tu estancia","breadcrumb":{"@id":"https:\/\/disfrutatuestancia.es\/fr\/politica-legal-y-de-privacidad#breadcrumb"},"inLanguage":"fr-FR","potentialAction":[{"@type":"ReadAction","target":["https:\/\/disfrutatuestancia.es\/fr\/politica-legal-y-de-privacidad"]}]},{"@type":"ImageObject","inLanguage":"fr-FR","@id":"https:\/\/disfrutatuestancia.es\/fr\/politica-legal-y-de-privacidad#primaryimage","url":"https:\/\/disfrutatuestancia.es\/wp-content\/uploads\/2023\/07\/Home_page_imagen_principal.png","contentUrl":"https:\/\/disfrutatuestancia.es\/wp-content\/uploads\/2023\/07\/Home_page_imagen_principal.png","width":1920,"height":400},{"@type":"BreadcrumbList","@id":"https:\/\/disfrutatuestancia.es\/fr\/politica-legal-y-de-privacidad#breadcrumb","itemListElement":[{"@type":"ListItem","position":1,"name":"Portada","item":"https:\/\/disfrutatuestancia.es\/fr"},{"@type":"ListItem","position":2,"name":"Politique juridique et de confidentialit\u00e9"}]},{"@type":"WebSite","@id":"https:\/\/disfrutatuestancia.es\/fr#website","url":"https:\/\/disfrutatuestancia.es\/fr","name":"Disfruta tu Estancia","description":"\u00bfQuieres relajarte?","publisher":{"@id":"https:\/\/disfrutatuestancia.es\/fr#\/schema\/person\/6acbf97c7a687f69d056e585faae278c"},"alternateName":"DtuE","potentialAction":[{"@type":"SearchAction","target":{"@type":"EntryPoint","urlTemplate":"https:\/\/disfrutatuestancia.es\/fr?s={search_term_string}"},"query-input":{"@type":"PropertyValueSpecification","valueRequired":true,"valueName":"search_term_string"}}],"inLanguage":"fr-FR"},{"@type":["Person","Organization"],"@id":"https:\/\/disfrutatuestancia.es\/fr#\/schema\/person\/6acbf97c7a687f69d056e585faae278c","name":"Olga Sanz","image":{"@type":"ImageObject","inLanguage":"fr-FR","@id":"https:\/\/disfrutatuestancia.es\/wp-content\/uploads\/2018\/11\/IMG_7274-scaled.jpg","url":"https:\/\/disfrutatuestancia.es\/wp-content\/uploads\/2018\/11\/IMG_7274-scaled.jpg","contentUrl":"https:\/\/disfrutatuestancia.es\/wp-content\/uploads\/2018\/11\/IMG_7274-scaled.jpg","width":2560,"height":2560,"caption":"Olga Sanz"},"logo":{"@id":"https:\/\/disfrutatuestancia.es\/wp-content\/uploads\/2018\/11\/IMG_7274-scaled.jpg"},"sameAs":["https:\/\/disfrutatuestancia.es\/","https:\/\/www.facebook.com\/Disfruta-tu-estancia-110455088312197"]}]}},"_links":{"self":[{"href":"https:\/\/disfrutatuestancia.es\/fr\/wp-json\/wp\/v2\/pages\/12510","targetHints":{"allow":["GET"]}}],"collection":[{"href":"https:\/\/disfrutatuestancia.es\/fr\/wp-json\/wp\/v2\/pages"}],"about":[{"href":"https:\/\/disfrutatuestancia.es\/fr\/wp-json\/wp\/v2\/types\/page"}],"author":[{"embeddable":true,"href":"https:\/\/disfrutatuestancia.es\/fr\/wp-json\/wp\/v2\/users\/1"}],"replies":[{"embeddable":true,"href":"https:\/\/disfrutatuestancia.es\/fr\/wp-json\/wp\/v2\/comments?post=12510"}],"version-history":[{"count":1,"href":"https:\/\/disfrutatuestancia.es\/fr\/wp-json\/wp\/v2\/pages\/12510\/revisions"}],"predecessor-version":[{"id":12712,"href":"https:\/\/disfrutatuestancia.es\/fr\/wp-json\/wp\/v2\/pages\/12510\/revisions\/12712"}],"wp:featuredmedia":[{"embeddable":true,"href":"https:\/\/disfrutatuestancia.es\/fr\/wp-json\/wp\/v2\/media\/12468"}],"wp:attachment":[{"href":"https:\/\/disfrutatuestancia.es\/fr\/wp-json\/wp\/v2\/media?parent=12510"}],"curies":[{"name":"wp","href":"https:\/\/api.w.org\/{rel}","templated":true}]}}