{"id":12512,"date":"2023-07-29T20:25:44","date_gmt":"2023-07-29T20:25:44","guid":{"rendered":"https:\/\/disfrutatuestancia.es\/cancelaciones_cambios_reembolsos"},"modified":"2024-03-12T20:19:43","modified_gmt":"2024-03-12T20:19:43","slug":"cancelaciones_cambios_reembolsos","status":"publish","type":"page","link":"https:\/\/disfrutatuestancia.es\/fr\/cancelaciones_cambios_reembolsos","title":{"rendered":"Politique d&rsquo;annulation, d&rsquo;\u00e9change et de remboursement"},"content":{"rendered":"&#13;\n<p><strong><span style=\"font-family: verdana, geneva, sans-serif; font-size: 12pt;\">Politique d&rsquo;annulation<\/span><\/strong><\/p>&#13;\n<p><span style=\"font-family: verdana, geneva, sans-serif; font-size: 12pt;\"><\/span><\/p>&#13;\n<p><span style=\"font-family: verdana, geneva, sans-serif;\">Notre priorit\u00e9 est de te donner autant de flexibilit\u00e9 et de confort que possible lorsque tu r\u00e9serves ta maison de vacances chez nous. Nous comprenons que les plans peuvent changer, et nous voulons nous assurer que tu as la tranquillit\u00e9 d&rsquo;esprit n\u00e9cessaire pour ajuster tes plans de voyage si n\u00e9cessaire. Tu trouveras ci-dessous nos conditions d&rsquo;annulation :<\/span><\/p>&#13;\n<p><span style=\"font-family: verdana, geneva, sans-serif;\"><strong>1) Annulation avec remboursement int\u00e9gral :<\/strong> si tu annules ta r\u00e9servation au moins 30 jours avant ta date d&rsquo;arriv\u00e9e, je te rembourserai int\u00e9gralement le montant total pay\u00e9.<\/span><\/p>&#13;\n<p><span style=\"font-family: verdana, geneva, sans-serif;\"><strong>2. Annulation avec remboursement partiel :<\/strong> si tu annules ta r\u00e9servation entre 15 et 29 jours avant la date d&rsquo;arriv\u00e9e, je te propose un remboursement de 50 % du montant total pay\u00e9.<\/span><\/p>&#13;\n<p><span style=\"font-family: verdana, geneva, sans-serif;\"><strong>3. Annulation sans remboursement :<\/strong> les annulations effectu\u00e9es moins de 15 jours avant la date d&rsquo;arriv\u00e9e ne pourront pas faire l&rsquo;objet d&rsquo;un remboursement, et la totalit\u00e9 du montant pay\u00e9 ne sera pas rembours\u00e9e.<\/span><\/p>&#13;\n<p><strong><span style=\"font-family: verdana, geneva, sans-serif;\">4. Modification des dates :<\/span><\/strong><\/p>&#13;\n<p><span style=\"font-family: verdana, geneva, sans-serif;\">Si tu souhaites changer les dates de ta r\u00e9servation et que tu m&rsquo;en informes au moins 15 jours avant ta date d&rsquo;arriv\u00e9e initiale, je ferai de mon mieux pour r\u00e9pondre \u00e0 ta demande, sous r\u00e9serve de disponibilit\u00e9. Si la modification entra\u00eene un changement du co\u00fbt de la r\u00e9servation, le montant total \u00e0 payer sera ajust\u00e9 en fonction des tarifs en vigueur aux nouvelles dates choisies.<\/span><\/p>&#13;\n<p><strong><span style=\"font-family: verdana, geneva, sans-serif;\">5. Politique d&rsquo;annulation en cas de force majeure :<\/span><\/strong><\/p>&#13;\n<p><span style=\"font-family: verdana, geneva, sans-serif;\">Nous comprenons que des circonstances impr\u00e9vues et in\u00e9vitables peuvent survenir et t&rsquo;obliger \u00e0 annuler ta r\u00e9servation \u00e0 la derni\u00e8re minute. Si tu te trouves dans une situation de force majeure, comme une urgence m\u00e9dicale ou une catastrophe naturelle, nous te demandons de nous contacter d\u00e8s que possible pour \u00e9valuer ta situation particuli\u00e8re. Dans de tels cas, nous ferons de notre mieux pour trouver une solution raisonnable et flexible pour les deux parties.<\/span><\/p>&#13;\n<p><strong><span style=\"font-family: verdana, geneva, sans-serif;\">6. Processus d&rsquo;annulation :<\/span><\/strong><\/p>&#13;\n<p><span style=\"font-family: verdana, geneva, sans-serif;\">Pour annuler ta r\u00e9servation, contacte-nous par email ou par t\u00e9l\u00e9phone, en donnant les d\u00e9tails de ta r\u00e9servation et la raison de l&rsquo;annulation. Nous reviendrons vers toi d\u00e8s que possible et confirmerons l&rsquo;annulation ainsi que les d\u00e9tails du remboursement applicable, le cas \u00e9ch\u00e9ant.<\/span><\/p>&#13;\n<p><span style=\"font-family: verdana, geneva, sans-serif;\">Il est important que tu lises attentivement notre politique d&rsquo;annulation lorsque tu fais ta r\u00e9servation. Nous te recommandons \u00e9galement d&rsquo;envisager de souscrire une assurance voyage afin de b\u00e9n\u00e9ficier d&rsquo;une protection suppl\u00e9mentaire en cas d&rsquo;annulation impr\u00e9vue.<\/span><\/p>&#13;\n<p><span style=\"font-family: verdana, geneva, sans-serif;\">Nous esp\u00e9rons que cette politique d&rsquo;annulation te donnera confiance pour planifier ton s\u00e9jour dans nos maisons de vacances. Notre objectif est de t&rsquo;offrir une exp\u00e9rience de location de vacances sans souci, afin que tu puisses profiter de moments inoubliables dans la destination de ton choix. Nous nous r\u00e9jouissons de t&rsquo;accueillir bient\u00f4t !<\/span><\/p>&#13;\n<p><span style=\"font-family: verdana, geneva, sans-serif; font-size: 12pt;\"><\/span><\/p>&#13;\n<p><strong><span style=\"font-family: verdana, geneva, sans-serif; font-size: 12pt;\">Tu as besoin d&rsquo;aide ?<\/span><\/strong><\/p>&#13;\n<p><span style=\"font-family: verdana, geneva, sans-serif; font-size: 12pt;\"><\/span><\/p>&#13;\n<p><span style=\"font-family: verdana, geneva, sans-serif; font-size: 12pt;\">Contacte-moi \u00e0 l&rsquo;adresse olga@disfrutatuestancia.es pour toute question relative \u00e0 l&rsquo;annulation ou \u00e0 la modification des dates.<\/span><\/p>&#13;\n<p>\u00a0<\/p>&#13;\n","protected":false},"excerpt":{"rendered":"<p>&#13; Politique d&rsquo;annulation &#13; &#13; Notre priorit\u00e9 est de te donner autant de flexibilit\u00e9 et de confort que possible lorsque tu r\u00e9serves ta maison de vacances chez nous. Nous comprenons que les plans peuvent changer, et nous voulons nous assurer que tu as la tranquillit\u00e9 d&rsquo;esprit n\u00e9cessaire pour ajuster tes plans de voyage si n\u00e9cessaire. [&hellip;]<\/p>\n","protected":false},"author":1,"featured_media":12468,"parent":0,"menu_order":0,"comment_status":"closed","ping_status":"closed","template":"","meta":{"om_disable_all_campaigns":false,"_monsterinsights_skip_tracking":false,"_monsterinsights_sitenote_active":false,"_monsterinsights_sitenote_note":"","_monsterinsights_sitenote_category":0,"footnotes":""},"class_list":["post-12512","page","type-page","status-publish","has-post-thumbnail","hentry"],"yoast_head":"<!-- This site is optimized with the Yoast SEO plugin v27.4 - https:\/\/yoast.com\/product\/yoast-seo-wordpress\/ -->\n<title>Politique d&#039;annulation, d&#039;\u00e9change et de remboursement - Disfruta tu estancia<\/title>\n<meta name=\"description\" content=\"Politique d&#039;annulation, d&#039;\u00e9change et de remboursement - Disfruta tu estancia\" \/>\n<meta name=\"robots\" content=\"index, follow, max-snippet:-1, max-image-preview:large, max-video-preview:-1\" \/>\n<link rel=\"canonical\" href=\"https:\/\/disfrutatuestancia.es\/fr\/cancelaciones_cambios_reembolsos\" \/>\n<meta property=\"og:locale\" content=\"fr_FR\" \/>\n<meta property=\"og:type\" content=\"article\" \/>\n<meta property=\"og:title\" content=\"Politique d&#039;annulation, d&#039;\u00e9change et de remboursement - Disfruta tu estancia\" \/>\n<meta property=\"og:description\" content=\"Politique d&#039;annulation, d&#039;\u00e9change et de remboursement - Disfruta tu estancia\" \/>\n<meta property=\"og:url\" content=\"https:\/\/disfrutatuestancia.es\/fr\/cancelaciones_cambios_reembolsos\" \/>\n<meta property=\"og:site_name\" content=\"Disfruta tu estancia\" \/>\n<meta property=\"article:publisher\" content=\"https:\/\/www.facebook.com\/Disfruta-tu-estancia-110455088312197\" \/>\n<meta property=\"article:modified_time\" content=\"2024-03-12T20:19:43+00:00\" \/>\n<meta property=\"og:image\" content=\"https:\/\/disfrutatuestancia.es\/wp-content\/uploads\/2023\/07\/Home_page_imagen_principal.png\" \/>\n\t<meta property=\"og:image:width\" content=\"1920\" \/>\n\t<meta property=\"og:image:height\" content=\"400\" \/>\n\t<meta property=\"og:image:type\" content=\"image\/png\" \/>\n<meta name=\"twitter:card\" content=\"summary_large_image\" \/>\n<meta name=\"twitter:label1\" content=\"Dur\u00e9e de lecture estim\u00e9e\" \/>\n\t<meta name=\"twitter:data1\" content=\"2 minutes\" \/>\n<script type=\"application\/ld+json\" class=\"yoast-schema-graph\">{\"@context\":\"https:\\\/\\\/schema.org\",\"@graph\":[{\"@type\":\"WebPage\",\"@id\":\"https:\\\/\\\/disfrutatuestancia.es\\\/fr\\\/cancelaciones_cambios_reembolsos\",\"url\":\"https:\\\/\\\/disfrutatuestancia.es\\\/fr\\\/cancelaciones_cambios_reembolsos\",\"name\":\"Politique d'annulation, d'\u00e9change et de remboursement - Disfruta tu estancia\",\"isPartOf\":{\"@id\":\"https:\\\/\\\/disfrutatuestancia.es\\\/fr#website\"},\"primaryImageOfPage\":{\"@id\":\"https:\\\/\\\/disfrutatuestancia.es\\\/fr\\\/cancelaciones_cambios_reembolsos#primaryimage\"},\"image\":{\"@id\":\"https:\\\/\\\/disfrutatuestancia.es\\\/fr\\\/cancelaciones_cambios_reembolsos#primaryimage\"},\"thumbnailUrl\":\"https:\\\/\\\/disfrutatuestancia.es\\\/wp-content\\\/uploads\\\/2023\\\/07\\\/Home_page_imagen_principal.png\",\"datePublished\":\"2023-07-29T20:25:44+00:00\",\"dateModified\":\"2024-03-12T20:19:43+00:00\",\"description\":\"Politique d'annulation, d'\u00e9change et de remboursement - Disfruta tu estancia\",\"breadcrumb\":{\"@id\":\"https:\\\/\\\/disfrutatuestancia.es\\\/fr\\\/cancelaciones_cambios_reembolsos#breadcrumb\"},\"inLanguage\":\"fr-FR\",\"potentialAction\":[{\"@type\":\"ReadAction\",\"target\":[\"https:\\\/\\\/disfrutatuestancia.es\\\/fr\\\/cancelaciones_cambios_reembolsos\"]}]},{\"@type\":\"ImageObject\",\"inLanguage\":\"fr-FR\",\"@id\":\"https:\\\/\\\/disfrutatuestancia.es\\\/fr\\\/cancelaciones_cambios_reembolsos#primaryimage\",\"url\":\"https:\\\/\\\/disfrutatuestancia.es\\\/wp-content\\\/uploads\\\/2023\\\/07\\\/Home_page_imagen_principal.png\",\"contentUrl\":\"https:\\\/\\\/disfrutatuestancia.es\\\/wp-content\\\/uploads\\\/2023\\\/07\\\/Home_page_imagen_principal.png\",\"width\":1920,\"height\":400},{\"@type\":\"BreadcrumbList\",\"@id\":\"https:\\\/\\\/disfrutatuestancia.es\\\/fr\\\/cancelaciones_cambios_reembolsos#breadcrumb\",\"itemListElement\":[{\"@type\":\"ListItem\",\"position\":1,\"name\":\"Portada\",\"item\":\"https:\\\/\\\/disfrutatuestancia.es\\\/fr\"},{\"@type\":\"ListItem\",\"position\":2,\"name\":\"Politique d&rsquo;annulation, d&rsquo;\u00e9change et de remboursement\"}]},{\"@type\":\"WebSite\",\"@id\":\"https:\\\/\\\/disfrutatuestancia.es\\\/fr#website\",\"url\":\"https:\\\/\\\/disfrutatuestancia.es\\\/fr\",\"name\":\"Disfruta tu Estancia\",\"description\":\"\u00bfQuieres relajarte?\",\"publisher\":{\"@id\":\"https:\\\/\\\/disfrutatuestancia.es\\\/fr#\\\/schema\\\/person\\\/6acbf97c7a687f69d056e585faae278c\"},\"alternateName\":\"DtuE\",\"potentialAction\":[{\"@type\":\"SearchAction\",\"target\":{\"@type\":\"EntryPoint\",\"urlTemplate\":\"https:\\\/\\\/disfrutatuestancia.es\\\/fr?s={search_term_string}\"},\"query-input\":{\"@type\":\"PropertyValueSpecification\",\"valueRequired\":true,\"valueName\":\"search_term_string\"}}],\"inLanguage\":\"fr-FR\"},{\"@type\":[\"Person\",\"Organization\"],\"@id\":\"https:\\\/\\\/disfrutatuestancia.es\\\/fr#\\\/schema\\\/person\\\/6acbf97c7a687f69d056e585faae278c\",\"name\":\"Olga Sanz\",\"image\":{\"@type\":\"ImageObject\",\"inLanguage\":\"fr-FR\",\"@id\":\"https:\\\/\\\/disfrutatuestancia.es\\\/wp-content\\\/uploads\\\/2018\\\/11\\\/IMG_7274-scaled.jpg\",\"url\":\"https:\\\/\\\/disfrutatuestancia.es\\\/wp-content\\\/uploads\\\/2018\\\/11\\\/IMG_7274-scaled.jpg\",\"contentUrl\":\"https:\\\/\\\/disfrutatuestancia.es\\\/wp-content\\\/uploads\\\/2018\\\/11\\\/IMG_7274-scaled.jpg\",\"width\":2560,\"height\":2560,\"caption\":\"Olga Sanz\"},\"logo\":{\"@id\":\"https:\\\/\\\/disfrutatuestancia.es\\\/wp-content\\\/uploads\\\/2018\\\/11\\\/IMG_7274-scaled.jpg\"},\"sameAs\":[\"https:\\\/\\\/disfrutatuestancia.es\\\/\",\"https:\\\/\\\/www.facebook.com\\\/Disfruta-tu-estancia-110455088312197\"]}]}<\/script>\n<!-- \/ Yoast SEO plugin. -->","yoast_head_json":{"title":"Politique d'annulation, d'\u00e9change et de remboursement - Disfruta tu estancia","description":"Politique d'annulation, d'\u00e9change et de remboursement - Disfruta tu estancia","robots":{"index":"index","follow":"follow","max-snippet":"max-snippet:-1","max-image-preview":"max-image-preview:large","max-video-preview":"max-video-preview:-1"},"canonical":"https:\/\/disfrutatuestancia.es\/fr\/cancelaciones_cambios_reembolsos","og_locale":"fr_FR","og_type":"article","og_title":"Politique d'annulation, d'\u00e9change et de remboursement - Disfruta tu estancia","og_description":"Politique d'annulation, d'\u00e9change et de remboursement - Disfruta tu estancia","og_url":"https:\/\/disfrutatuestancia.es\/fr\/cancelaciones_cambios_reembolsos","og_site_name":"Disfruta tu estancia","article_publisher":"https:\/\/www.facebook.com\/Disfruta-tu-estancia-110455088312197","article_modified_time":"2024-03-12T20:19:43+00:00","og_image":[{"width":1920,"height":400,"url":"https:\/\/disfrutatuestancia.es\/wp-content\/uploads\/2023\/07\/Home_page_imagen_principal.png","type":"image\/png"}],"twitter_card":"summary_large_image","twitter_misc":{"Dur\u00e9e de lecture estim\u00e9e":"2 minutes"},"schema":{"@context":"https:\/\/schema.org","@graph":[{"@type":"WebPage","@id":"https:\/\/disfrutatuestancia.es\/fr\/cancelaciones_cambios_reembolsos","url":"https:\/\/disfrutatuestancia.es\/fr\/cancelaciones_cambios_reembolsos","name":"Politique d'annulation, d'\u00e9change et de remboursement - Disfruta tu estancia","isPartOf":{"@id":"https:\/\/disfrutatuestancia.es\/fr#website"},"primaryImageOfPage":{"@id":"https:\/\/disfrutatuestancia.es\/fr\/cancelaciones_cambios_reembolsos#primaryimage"},"image":{"@id":"https:\/\/disfrutatuestancia.es\/fr\/cancelaciones_cambios_reembolsos#primaryimage"},"thumbnailUrl":"https:\/\/disfrutatuestancia.es\/wp-content\/uploads\/2023\/07\/Home_page_imagen_principal.png","datePublished":"2023-07-29T20:25:44+00:00","dateModified":"2024-03-12T20:19:43+00:00","description":"Politique d'annulation, d'\u00e9change et de remboursement - Disfruta tu estancia","breadcrumb":{"@id":"https:\/\/disfrutatuestancia.es\/fr\/cancelaciones_cambios_reembolsos#breadcrumb"},"inLanguage":"fr-FR","potentialAction":[{"@type":"ReadAction","target":["https:\/\/disfrutatuestancia.es\/fr\/cancelaciones_cambios_reembolsos"]}]},{"@type":"ImageObject","inLanguage":"fr-FR","@id":"https:\/\/disfrutatuestancia.es\/fr\/cancelaciones_cambios_reembolsos#primaryimage","url":"https:\/\/disfrutatuestancia.es\/wp-content\/uploads\/2023\/07\/Home_page_imagen_principal.png","contentUrl":"https:\/\/disfrutatuestancia.es\/wp-content\/uploads\/2023\/07\/Home_page_imagen_principal.png","width":1920,"height":400},{"@type":"BreadcrumbList","@id":"https:\/\/disfrutatuestancia.es\/fr\/cancelaciones_cambios_reembolsos#breadcrumb","itemListElement":[{"@type":"ListItem","position":1,"name":"Portada","item":"https:\/\/disfrutatuestancia.es\/fr"},{"@type":"ListItem","position":2,"name":"Politique d&rsquo;annulation, d&rsquo;\u00e9change et de remboursement"}]},{"@type":"WebSite","@id":"https:\/\/disfrutatuestancia.es\/fr#website","url":"https:\/\/disfrutatuestancia.es\/fr","name":"Disfruta tu Estancia","description":"\u00bfQuieres relajarte?","publisher":{"@id":"https:\/\/disfrutatuestancia.es\/fr#\/schema\/person\/6acbf97c7a687f69d056e585faae278c"},"alternateName":"DtuE","potentialAction":[{"@type":"SearchAction","target":{"@type":"EntryPoint","urlTemplate":"https:\/\/disfrutatuestancia.es\/fr?s={search_term_string}"},"query-input":{"@type":"PropertyValueSpecification","valueRequired":true,"valueName":"search_term_string"}}],"inLanguage":"fr-FR"},{"@type":["Person","Organization"],"@id":"https:\/\/disfrutatuestancia.es\/fr#\/schema\/person\/6acbf97c7a687f69d056e585faae278c","name":"Olga Sanz","image":{"@type":"ImageObject","inLanguage":"fr-FR","@id":"https:\/\/disfrutatuestancia.es\/wp-content\/uploads\/2018\/11\/IMG_7274-scaled.jpg","url":"https:\/\/disfrutatuestancia.es\/wp-content\/uploads\/2018\/11\/IMG_7274-scaled.jpg","contentUrl":"https:\/\/disfrutatuestancia.es\/wp-content\/uploads\/2018\/11\/IMG_7274-scaled.jpg","width":2560,"height":2560,"caption":"Olga Sanz"},"logo":{"@id":"https:\/\/disfrutatuestancia.es\/wp-content\/uploads\/2018\/11\/IMG_7274-scaled.jpg"},"sameAs":["https:\/\/disfrutatuestancia.es\/","https:\/\/www.facebook.com\/Disfruta-tu-estancia-110455088312197"]}]}},"_links":{"self":[{"href":"https:\/\/disfrutatuestancia.es\/fr\/wp-json\/wp\/v2\/pages\/12512","targetHints":{"allow":["GET"]}}],"collection":[{"href":"https:\/\/disfrutatuestancia.es\/fr\/wp-json\/wp\/v2\/pages"}],"about":[{"href":"https:\/\/disfrutatuestancia.es\/fr\/wp-json\/wp\/v2\/types\/page"}],"author":[{"embeddable":true,"href":"https:\/\/disfrutatuestancia.es\/fr\/wp-json\/wp\/v2\/users\/1"}],"replies":[{"embeddable":true,"href":"https:\/\/disfrutatuestancia.es\/fr\/wp-json\/wp\/v2\/comments?post=12512"}],"version-history":[{"count":4,"href":"https:\/\/disfrutatuestancia.es\/fr\/wp-json\/wp\/v2\/pages\/12512\/revisions"}],"predecessor-version":[{"id":12721,"href":"https:\/\/disfrutatuestancia.es\/fr\/wp-json\/wp\/v2\/pages\/12512\/revisions\/12721"}],"wp:featuredmedia":[{"embeddable":true,"href":"https:\/\/disfrutatuestancia.es\/fr\/wp-json\/wp\/v2\/media\/12468"}],"wp:attachment":[{"href":"https:\/\/disfrutatuestancia.es\/fr\/wp-json\/wp\/v2\/media?parent=12512"}],"curies":[{"name":"wp","href":"https:\/\/api.w.org\/{rel}","templated":true}]}}