{"id":12545,"date":"2018-11-21T13:15:58","date_gmt":"2018-11-21T13:15:58","guid":{"rendered":"https:\/\/disfrutatuestancia.es\/resultats-de-la-recherche-pour-les-sejours"},"modified":"2024-03-10T21:08:30","modified_gmt":"2024-03-10T21:08:30","slug":"resultats","status":"publish","type":"page","link":"https:\/\/disfrutatuestancia.es\/fr\/resultats","title":{"rendered":"R\u00e9sultats de recherche d&rsquo;h\u00e9bergement"},"content":{"rendered":"","protected":false},"excerpt":{"rendered":"","protected":false},"author":2,"featured_media":12468,"parent":0,"menu_order":0,"comment_status":"closed","ping_status":"closed","template":"template-rental-search.php","meta":{"om_disable_all_campaigns":false,"_monsterinsights_skip_tracking":false,"_monsterinsights_sitenote_active":false,"_monsterinsights_sitenote_note":"","_monsterinsights_sitenote_category":0,"footnotes":""},"class_list":["post-12545","page","type-page","status-publish","has-post-thumbnail","hentry"],"yoast_head":"<!-- This site is optimized with the Yoast SEO plugin v27.4 - https:\/\/yoast.com\/product\/yoast-seo-wordpress\/ -->\n<title>R\u00e9sultats de recherche d&#039;h\u00e9bergement - Disfruta tu estancia<\/title>\n<meta name=\"description\" content=\"R\u00e9sultats de recherche d&#039;h\u00e9bergement - Disfruta tu estancia\" \/>\n<meta name=\"robots\" content=\"index, follow, max-snippet:-1, max-image-preview:large, max-video-preview:-1\" \/>\n<link rel=\"canonical\" href=\"https:\/\/disfrutatuestancia.es\/fr\/resultats\" \/>\n<meta property=\"og:locale\" content=\"fr_FR\" \/>\n<meta property=\"og:type\" content=\"article\" \/>\n<meta property=\"og:title\" content=\"R\u00e9sultats de recherche d&#039;h\u00e9bergement - Disfruta tu estancia\" \/>\n<meta property=\"og:description\" content=\"R\u00e9sultats de recherche d&#039;h\u00e9bergement - Disfruta tu estancia\" \/>\n<meta property=\"og:url\" content=\"https:\/\/disfrutatuestancia.es\/fr\/resultats\" \/>\n<meta property=\"og:site_name\" content=\"Disfruta tu estancia\" \/>\n<meta property=\"article:publisher\" content=\"https:\/\/www.facebook.com\/Disfruta-tu-estancia-110455088312197\" \/>\n<meta property=\"article:modified_time\" content=\"2024-03-10T21:08:30+00:00\" \/>\n<meta property=\"og:image\" content=\"https:\/\/disfrutatuestancia.es\/wp-content\/uploads\/2023\/07\/Home_page_imagen_principal.png\" \/>\n\t<meta property=\"og:image:width\" content=\"1920\" \/>\n\t<meta property=\"og:image:height\" content=\"400\" \/>\n\t<meta property=\"og:image:type\" content=\"image\/png\" \/>\n<meta name=\"twitter:card\" content=\"summary_large_image\" \/>\n<meta name=\"twitter:label1\" content=\"Dur\u00e9e de lecture estim\u00e9e\" \/>\n\t<meta name=\"twitter:data1\" content=\"1 minute\" \/>\n<script type=\"application\/ld+json\" class=\"yoast-schema-graph\">{\"@context\":\"https:\\\/\\\/schema.org\",\"@graph\":[{\"@type\":\"WebPage\",\"@id\":\"https:\\\/\\\/disfrutatuestancia.es\\\/fr\\\/resultats\",\"url\":\"https:\\\/\\\/disfrutatuestancia.es\\\/fr\\\/resultats\",\"name\":\"R\u00e9sultats de recherche d'h\u00e9bergement - Disfruta tu estancia\",\"isPartOf\":{\"@id\":\"https:\\\/\\\/disfrutatuestancia.es\\\/fr#website\"},\"primaryImageOfPage\":{\"@id\":\"https:\\\/\\\/disfrutatuestancia.es\\\/fr\\\/resultats#primaryimage\"},\"image\":{\"@id\":\"https:\\\/\\\/disfrutatuestancia.es\\\/fr\\\/resultats#primaryimage\"},\"thumbnailUrl\":\"https:\\\/\\\/disfrutatuestancia.es\\\/wp-content\\\/uploads\\\/2023\\\/07\\\/Home_page_imagen_principal.png\",\"datePublished\":\"2018-11-21T13:15:58+00:00\",\"dateModified\":\"2024-03-10T21:08:30+00:00\",\"description\":\"R\u00e9sultats de recherche d'h\u00e9bergement - Disfruta tu estancia\",\"breadcrumb\":{\"@id\":\"https:\\\/\\\/disfrutatuestancia.es\\\/fr\\\/resultats#breadcrumb\"},\"inLanguage\":\"fr-FR\",\"potentialAction\":[{\"@type\":\"ReadAction\",\"target\":[\"https:\\\/\\\/disfrutatuestancia.es\\\/fr\\\/resultats\"]}]},{\"@type\":\"ImageObject\",\"inLanguage\":\"fr-FR\",\"@id\":\"https:\\\/\\\/disfrutatuestancia.es\\\/fr\\\/resultats#primaryimage\",\"url\":\"https:\\\/\\\/disfrutatuestancia.es\\\/wp-content\\\/uploads\\\/2023\\\/07\\\/Home_page_imagen_principal.png\",\"contentUrl\":\"https:\\\/\\\/disfrutatuestancia.es\\\/wp-content\\\/uploads\\\/2023\\\/07\\\/Home_page_imagen_principal.png\",\"width\":1920,\"height\":400},{\"@type\":\"BreadcrumbList\",\"@id\":\"https:\\\/\\\/disfrutatuestancia.es\\\/fr\\\/resultats#breadcrumb\",\"itemListElement\":[{\"@type\":\"ListItem\",\"position\":1,\"name\":\"Portada\",\"item\":\"https:\\\/\\\/disfrutatuestancia.es\\\/fr\"},{\"@type\":\"ListItem\",\"position\":2,\"name\":\"R\u00e9sultats de recherche d&#8217;h\u00e9bergement\"}]},{\"@type\":\"WebSite\",\"@id\":\"https:\\\/\\\/disfrutatuestancia.es\\\/fr#website\",\"url\":\"https:\\\/\\\/disfrutatuestancia.es\\\/fr\",\"name\":\"Disfruta tu Estancia\",\"description\":\"\u00bfQuieres relajarte?\",\"publisher\":{\"@id\":\"https:\\\/\\\/disfrutatuestancia.es\\\/fr#\\\/schema\\\/person\\\/6acbf97c7a687f69d056e585faae278c\"},\"alternateName\":\"DtuE\",\"potentialAction\":[{\"@type\":\"SearchAction\",\"target\":{\"@type\":\"EntryPoint\",\"urlTemplate\":\"https:\\\/\\\/disfrutatuestancia.es\\\/fr?s={search_term_string}\"},\"query-input\":{\"@type\":\"PropertyValueSpecification\",\"valueRequired\":true,\"valueName\":\"search_term_string\"}}],\"inLanguage\":\"fr-FR\"},{\"@type\":[\"Person\",\"Organization\"],\"@id\":\"https:\\\/\\\/disfrutatuestancia.es\\\/fr#\\\/schema\\\/person\\\/6acbf97c7a687f69d056e585faae278c\",\"name\":\"Olga Sanz\",\"image\":{\"@type\":\"ImageObject\",\"inLanguage\":\"fr-FR\",\"@id\":\"https:\\\/\\\/disfrutatuestancia.es\\\/wp-content\\\/uploads\\\/2018\\\/11\\\/IMG_7274-scaled.jpg\",\"url\":\"https:\\\/\\\/disfrutatuestancia.es\\\/wp-content\\\/uploads\\\/2018\\\/11\\\/IMG_7274-scaled.jpg\",\"contentUrl\":\"https:\\\/\\\/disfrutatuestancia.es\\\/wp-content\\\/uploads\\\/2018\\\/11\\\/IMG_7274-scaled.jpg\",\"width\":2560,\"height\":2560,\"caption\":\"Olga Sanz\"},\"logo\":{\"@id\":\"https:\\\/\\\/disfrutatuestancia.es\\\/wp-content\\\/uploads\\\/2018\\\/11\\\/IMG_7274-scaled.jpg\"},\"sameAs\":[\"https:\\\/\\\/disfrutatuestancia.es\\\/\",\"https:\\\/\\\/www.facebook.com\\\/Disfruta-tu-estancia-110455088312197\"]}]}<\/script>\n<!-- \/ Yoast SEO plugin. -->","yoast_head_json":{"title":"R\u00e9sultats de recherche d'h\u00e9bergement - Disfruta tu estancia","description":"R\u00e9sultats de recherche d'h\u00e9bergement - Disfruta tu estancia","robots":{"index":"index","follow":"follow","max-snippet":"max-snippet:-1","max-image-preview":"max-image-preview:large","max-video-preview":"max-video-preview:-1"},"canonical":"https:\/\/disfrutatuestancia.es\/fr\/resultats","og_locale":"fr_FR","og_type":"article","og_title":"R\u00e9sultats de recherche d'h\u00e9bergement - Disfruta tu estancia","og_description":"R\u00e9sultats de recherche d'h\u00e9bergement - Disfruta tu estancia","og_url":"https:\/\/disfrutatuestancia.es\/fr\/resultats","og_site_name":"Disfruta tu estancia","article_publisher":"https:\/\/www.facebook.com\/Disfruta-tu-estancia-110455088312197","article_modified_time":"2024-03-10T21:08:30+00:00","og_image":[{"width":1920,"height":400,"url":"https:\/\/disfrutatuestancia.es\/wp-content\/uploads\/2023\/07\/Home_page_imagen_principal.png","type":"image\/png"}],"twitter_card":"summary_large_image","twitter_misc":{"Dur\u00e9e de lecture estim\u00e9e":"1 minute"},"schema":{"@context":"https:\/\/schema.org","@graph":[{"@type":"WebPage","@id":"https:\/\/disfrutatuestancia.es\/fr\/resultats","url":"https:\/\/disfrutatuestancia.es\/fr\/resultats","name":"R\u00e9sultats de recherche d'h\u00e9bergement - Disfruta tu estancia","isPartOf":{"@id":"https:\/\/disfrutatuestancia.es\/fr#website"},"primaryImageOfPage":{"@id":"https:\/\/disfrutatuestancia.es\/fr\/resultats#primaryimage"},"image":{"@id":"https:\/\/disfrutatuestancia.es\/fr\/resultats#primaryimage"},"thumbnailUrl":"https:\/\/disfrutatuestancia.es\/wp-content\/uploads\/2023\/07\/Home_page_imagen_principal.png","datePublished":"2018-11-21T13:15:58+00:00","dateModified":"2024-03-10T21:08:30+00:00","description":"R\u00e9sultats de recherche d'h\u00e9bergement - Disfruta tu estancia","breadcrumb":{"@id":"https:\/\/disfrutatuestancia.es\/fr\/resultats#breadcrumb"},"inLanguage":"fr-FR","potentialAction":[{"@type":"ReadAction","target":["https:\/\/disfrutatuestancia.es\/fr\/resultats"]}]},{"@type":"ImageObject","inLanguage":"fr-FR","@id":"https:\/\/disfrutatuestancia.es\/fr\/resultats#primaryimage","url":"https:\/\/disfrutatuestancia.es\/wp-content\/uploads\/2023\/07\/Home_page_imagen_principal.png","contentUrl":"https:\/\/disfrutatuestancia.es\/wp-content\/uploads\/2023\/07\/Home_page_imagen_principal.png","width":1920,"height":400},{"@type":"BreadcrumbList","@id":"https:\/\/disfrutatuestancia.es\/fr\/resultats#breadcrumb","itemListElement":[{"@type":"ListItem","position":1,"name":"Portada","item":"https:\/\/disfrutatuestancia.es\/fr"},{"@type":"ListItem","position":2,"name":"R\u00e9sultats de recherche d&#8217;h\u00e9bergement"}]},{"@type":"WebSite","@id":"https:\/\/disfrutatuestancia.es\/fr#website","url":"https:\/\/disfrutatuestancia.es\/fr","name":"Disfruta tu Estancia","description":"\u00bfQuieres relajarte?","publisher":{"@id":"https:\/\/disfrutatuestancia.es\/fr#\/schema\/person\/6acbf97c7a687f69d056e585faae278c"},"alternateName":"DtuE","potentialAction":[{"@type":"SearchAction","target":{"@type":"EntryPoint","urlTemplate":"https:\/\/disfrutatuestancia.es\/fr?s={search_term_string}"},"query-input":{"@type":"PropertyValueSpecification","valueRequired":true,"valueName":"search_term_string"}}],"inLanguage":"fr-FR"},{"@type":["Person","Organization"],"@id":"https:\/\/disfrutatuestancia.es\/fr#\/schema\/person\/6acbf97c7a687f69d056e585faae278c","name":"Olga Sanz","image":{"@type":"ImageObject","inLanguage":"fr-FR","@id":"https:\/\/disfrutatuestancia.es\/wp-content\/uploads\/2018\/11\/IMG_7274-scaled.jpg","url":"https:\/\/disfrutatuestancia.es\/wp-content\/uploads\/2018\/11\/IMG_7274-scaled.jpg","contentUrl":"https:\/\/disfrutatuestancia.es\/wp-content\/uploads\/2018\/11\/IMG_7274-scaled.jpg","width":2560,"height":2560,"caption":"Olga Sanz"},"logo":{"@id":"https:\/\/disfrutatuestancia.es\/wp-content\/uploads\/2018\/11\/IMG_7274-scaled.jpg"},"sameAs":["https:\/\/disfrutatuestancia.es\/","https:\/\/www.facebook.com\/Disfruta-tu-estancia-110455088312197"]}]}},"_links":{"self":[{"href":"https:\/\/disfrutatuestancia.es\/fr\/wp-json\/wp\/v2\/pages\/12545","targetHints":{"allow":["GET"]}}],"collection":[{"href":"https:\/\/disfrutatuestancia.es\/fr\/wp-json\/wp\/v2\/pages"}],"about":[{"href":"https:\/\/disfrutatuestancia.es\/fr\/wp-json\/wp\/v2\/types\/page"}],"author":[{"embeddable":true,"href":"https:\/\/disfrutatuestancia.es\/fr\/wp-json\/wp\/v2\/users\/2"}],"replies":[{"embeddable":true,"href":"https:\/\/disfrutatuestancia.es\/fr\/wp-json\/wp\/v2\/comments?post=12545"}],"version-history":[{"count":4,"href":"https:\/\/disfrutatuestancia.es\/fr\/wp-json\/wp\/v2\/pages\/12545\/revisions"}],"predecessor-version":[{"id":12691,"href":"https:\/\/disfrutatuestancia.es\/fr\/wp-json\/wp\/v2\/pages\/12545\/revisions\/12691"}],"wp:featuredmedia":[{"embeddable":true,"href":"https:\/\/disfrutatuestancia.es\/fr\/wp-json\/wp\/v2\/media\/12468"}],"wp:attachment":[{"href":"https:\/\/disfrutatuestancia.es\/fr\/wp-json\/wp\/v2\/media?parent=12545"}],"curies":[{"name":"wp","href":"https:\/\/api.w.org\/{rel}","templated":true}]}}