{"id":12570,"date":"2018-12-10T03:06:47","date_gmt":"2018-12-10T03:06:47","guid":{"rendered":"https:\/\/disfrutatuestancia.es\/a-propos-de-moi"},"modified":"2024-03-14T18:41:27","modified_gmt":"2024-03-14T18:41:27","slug":"a-propos-de-moi","status":"publish","type":"page","link":"https:\/\/disfrutatuestancia.es\/fr\/a-propos-de-moi","title":{"rendered":"A propos de moi"},"content":{"rendered":"<div class=\"wpb-content-wrapper\"><p>[vc_row][vc_column][vc_empty_space height=\u00a0\u00bb60px\u00a0\u00bb][\/vc_column][\/vc_row][vc_row][vc_column width=\u00a0\u00bb1\/2&Prime;][vc_single_image image=\u00a0\u00bb12633&Prime; img_size=\u00a0\u00bblarge\u00a0\u00bb alignment=\u00a0\u00bbcenter\u00a0\u00bb css_animation=\u00a0\u00bbnone\u00a0\u00bb][vc_column_text el_class=\u00a0\u00bbst-aboutus-title\u00a0\u00bb]<\/p>\n<h3>Mon histoire<\/h3>\n<p>[\/vc_column_text][vc_column_text css_animation=\u00a0\u00bbnone\u00a0\u00bb el_class=\u00a0\u00bbst-aboutus-content\u00a0\u00bb]Il s&rsquo;agit d&rsquo;un pari personnel. Ce qui a commenc\u00e9 comme un passe-temps est maintenant une activit\u00e9 \u00e9panouissante, agr\u00e9able et heureuse.<\/p>\n<p>Issue d&rsquo;une famille s\u00e9govienne qui a \u00e9migr\u00e9 dans \u00ab\u00a0la capi\u00a0\u00bb avant ma naissance, j&rsquo;ai d\u00e9cid\u00e9 de renouer avec mes origines et de me d\u00e9sintoxiquer de la ville, du stress et de la vie tendue.<\/p>\n<p>D\u00e9tente, tranquillit\u00e9, repos, sport, aventure, il y a une infinit\u00e9 de choses fantastiques \u00e0 faire dans n&rsquo;importe laquelle des chambres, choisies avec soin et affection.<\/p>\n<p>J&rsquo;adore montrer aux gens les fantastiques possibilit\u00e9s qu&rsquo;offre S\u00e9govie et les aider \u00e0 conna\u00eetre un peu mieux toutes les activit\u00e9s qu&rsquo;elle propose.[\/vc_column_text][vc_empty_space height=\u00a0\u00bb30px\u00a0\u00bb][\/vc_column][vc_column width=\u00a0\u00bb1\/2&Prime;][vc_empty_space height=\u00a0\u00bb30px\u00a0\u00bb][vc_column_text el_class=\u00a0\u00bbst-aboutus-title\u00a0\u00bb]<\/p>\n<h3>Mon objectif<\/h3>\n<p>[\/vc_column_text][vc_column_text el_class=\u00a0\u00bbst-aboutus-content\u00a0\u00bb]Rends-toi heureux.<\/p>\n<p>Que ton s\u00e9jour te permette de te retrouver, de te reposer et de r\u00e9cup\u00e9rer.<\/p>\n<p>Ou peut-\u00eatre&#8230; pour \u00eatre avec ces amis dont tu n&rsquo;as pas eu de nouvelles depuis des mois. Rire, discuter, manger une paella cuite au feu de bois&#8230;<\/p>\n<p>Mon objectif est de te faire profiter de chaque minute de l&rsquo;exp\u00e9rience et de ton h\u00e9bergement, en savourant chaque minute de ton s\u00e9jour dans nos maisons.[\/vc_column_text][vc_empty_space height=\u00a0\u00bb30px\u00a0\u00bb][vc_single_image image=\u00a0\u00bb12645&Prime; img_size=\u00a0\u00bblarge\u00a0\u00bb alignment=\u00a0\u00bbcenter\u00a0\u00bb][\/vc_column][\/vc_row][vc_row][vc_column][vc_empty_space height=\u00a0\u00bb20px\u00a0\u00bb]<div class=\"st-list-statistic\"><div class=\"row\">            <div class=\"col-md-3 col-sm-6\">\r\n                <div class=\"item-wrapper\">\r\n                    <div class=\"item\">\r\n                        <div class=\"front\">\r\n                            <div class=\"inner\">\r\n                                <h4>+100<\/h4>\r\n                                <p class=\"sub-text\">actividades<\/p>\r\n                            <\/div>\r\n                        <\/div>\r\n                        <div class=\"end\">\r\n                            <p class=\"desc\">He recopilado m\u00e1s de 100 actividades y excursiones para que te sea m\u00e1s f\u00e1cil conocer Segovia<\/p>\r\n                        <\/div>\r\n                    <\/div>\r\n                <\/div>\r\n            <\/div>\r\n                        <div class=\"col-md-3 col-sm-6\">\r\n                <div class=\"item-wrapper\">\r\n                    <div class=\"item\">\r\n                        <div class=\"front\">\r\n                            <div class=\"inner\">\r\n                                <h4>4<\/h4>\r\n                                <p class=\"sub-text\">estancias<\/p>\r\n                            <\/div>\r\n                        <\/div>\r\n                        <div class=\"end\">\r\n                            <p class=\"desc\">Cuatro lugares escogidos m\u00e1gicamente para que puedas decidirte seg\u00fan lo que te apetezca<\/p>\r\n                        <\/div>\r\n                    <\/div>\r\n                <\/div>\r\n            <\/div>\r\n                        <div class=\"col-md-3 col-sm-6\">\r\n                <div class=\"item-wrapper\">\r\n                    <div class=\"item\">\r\n                        <div class=\"front\">\r\n                            <div class=\"inner\">\r\n                                <h4>+50<\/h4>\r\n                                <p class=\"sub-text\">clientes satisfechos<\/p>\r\n                            <\/div>\r\n                        <\/div>\r\n                        <div class=\"end\">\r\n                            <p class=\"desc\">Conseguir que est\u00e9s a gusto es uno de mis principales objetivos, m\u00e1s de 50 personas han pasado y disfrutado<\/p>\r\n                        <\/div>\r\n                    <\/div>\r\n                <\/div>\r\n            <\/div>\r\n                        <div class=\"col-md-3 col-sm-6\">\r\n                <div class=\"item-wrapper\">\r\n                    <div class=\"item\">\r\n                        <div class=\"front\">\r\n                            <div class=\"inner\">\r\n                                <h4>+3<\/h4>\r\n                                <p class=\"sub-text\">alternativas<\/p>\r\n                            <\/div>\r\n                        <\/div>\r\n                        <div class=\"end\">\r\n                            <p class=\"desc\">Hacer la reserva de tus estancias es muy f\u00e1cil, podr\u00e1s hacerlo a trav\u00e9s de esta web, Airbnb y Rentalia.<\/p>\r\n                        <\/div>\r\n                    <\/div>\r\n                <\/div>\r\n            <\/div>\r\n            <\/div><\/div>[vc_empty_space height=\u00a0\u00bb65px\u00a0\u00bb]<div class=\"st-aboutus-info\">\r\n        <p class=\"message\">\"Disfruta tu estancia, descansa, recup\u00e9rate y divi\u00e9rtete. \u00a1Carpe diem amiga!\"<\/p>\r\n        <img decoding=\"async\" src=\"https:\/\/disfrutatuestancia.es\/wp-content\/uploads\/2024\/02\/IMG_6550-scaled-e1708290416806.jpg\" alt=\"A propos de moi\"\/>            <p class=\"name\">Olga Sanz<\/p>\r\n                <p class=\"pos\">Fundadora<\/p>\r\n    <\/div>[vc_empty_space height=\u00a0\u00bb65px\u00a0\u00bb][\/vc_column][\/vc_row][vc_row][vc_column][vc_empty_space height=\u00a0\u00bb130px\u00a0\u00bb]<div class=\"st-aboutus-team\">\r\n    <h3>Tu souhaites prendre contact avec l&#039;un des membres de l&#039;\u00e9quipe ?<\/h3>\r\n    <div class=\"row\"><div class=\"col-md-3 col-sm-6 item\">            <div class=\"thumb\">\r\n                <img decoding=\"async\" src=\"https:\/\/disfrutatuestancia.es\/wp-content\/uploads\/2024\/02\/IMG_3929-scaled-e1708291007726.jpg\" class=\"img-responsive\" \/>\r\n                                    <div class=\"social\">\r\n                        <ul>                                <li><a href=\"mailto:olga@disfrutatuestancia.es?Subject=Consulta%20web.%20Cu\u00e9ntame%20tus%20inquietudes\"><i class=\"far fa-envelope\"><\/i><\/a><\/li>\r\n                            <\/ul>                    <\/div>\r\n                                <\/div>\r\n            <p class=\"name\">Olga<\/p>\r\n            <p class=\"pos\">Fundadora<\/p>\r\n            <\/div><div class=\"col-md-3 col-sm-6 item\">            <div class=\"thumb\">\r\n                <img decoding=\"async\" src=\"https:\/\/disfrutatuestancia.es\/wp-content\/uploads\/2022\/04\/foto-dani-e1690886500572.jpg\" class=\"img-responsive\" \/>\r\n                                    <div class=\"social\">\r\n                        <ul>                                <li><a href=\"mailto:dani@disfrutatuestancia.es\"><i class=\"far fa-envelope\"><\/i><\/a><\/li>\r\n                            <\/ul>                    <\/div>\r\n                                <\/div>\r\n            <p class=\"name\">Dani<\/p>\r\n            <p class=\"pos\">Web<\/p>\r\n            <\/div><\/div><\/div>\r\n[vc_empty_space height=\u00a0\u00bb70&Prime;][\/vc_column][\/vc_row]<\/p>\n<\/div>","protected":false},"excerpt":{"rendered":"<p>[vc_row][vc_column][vc_empty_space height=\u00a0\u00bb60px\u00a0\u00bb][\/vc_column][\/vc_row][vc_row][vc_column width=\u00a0\u00bb1\/2&Prime;][vc_single_image image=\u00a0\u00bb12633&Prime; img_size=\u00a0\u00bblarge\u00a0\u00bb alignment=\u00a0\u00bbcenter\u00a0\u00bb css_animation=\u00a0\u00bbnone\u00a0\u00bb][vc_column_text el_class=\u00a0\u00bbst-aboutus-title\u00a0\u00bb] Mon histoire [\/vc_column_text][vc_column_text css_animation=\u00a0\u00bbnone\u00a0\u00bb el_class=\u00a0\u00bbst-aboutus-content\u00a0\u00bb]Il s&rsquo;agit d&rsquo;un pari personnel. Ce qui a commenc\u00e9 comme un passe-temps est maintenant une activit\u00e9 \u00e9panouissante, agr\u00e9able et heureuse. Issue d&rsquo;une famille s\u00e9govienne qui a \u00e9migr\u00e9 dans \u00ab\u00a0la capi\u00a0\u00bb avant ma naissance, j&rsquo;ai d\u00e9cid\u00e9 de renouer avec mes origines et de me [&hellip;]<\/p>\n","protected":false},"author":2,"featured_media":12605,"parent":0,"menu_order":0,"comment_status":"closed","ping_status":"closed","template":"template-home-modern.php","meta":{"om_disable_all_campaigns":false,"_monsterinsights_skip_tracking":false,"_monsterinsights_sitenote_active":false,"_monsterinsights_sitenote_note":"","_monsterinsights_sitenote_category":0,"footnotes":""},"class_list":["post-12570","page","type-page","status-publish","has-post-thumbnail","hentry"],"yoast_head":"<!-- This site is optimized with the Yoast SEO plugin v27.4 - https:\/\/yoast.com\/product\/yoast-seo-wordpress\/ -->\n<title>A propos de moi - Disfruta tu estancia<\/title>\n<meta name=\"description\" content=\"Mon objectif est de te faire profiter de l&#039;exp\u00e9rience et de ton h\u00e9bergement, en savourant chaque minute de ton s\u00e9jour dans nos maisons.\" \/>\n<meta name=\"robots\" content=\"index, follow, max-snippet:-1, max-image-preview:large, max-video-preview:-1\" \/>\n<link rel=\"canonical\" href=\"https:\/\/disfrutatuestancia.es\/fr\/a-propos-de-moi\" \/>\n<meta property=\"og:locale\" content=\"fr_FR\" \/>\n<meta property=\"og:type\" content=\"article\" \/>\n<meta property=\"og:title\" content=\"A propos de moi - Disfruta tu estancia\" \/>\n<meta property=\"og:description\" content=\"Mon objectif est de te faire profiter de l&#039;exp\u00e9rience et de ton h\u00e9bergement, en savourant chaque minute de ton s\u00e9jour dans nos maisons.\" \/>\n<meta property=\"og:url\" content=\"https:\/\/disfrutatuestancia.es\/fr\/a-propos-de-moi\" \/>\n<meta property=\"og:site_name\" content=\"Disfruta tu estancia\" \/>\n<meta property=\"article:publisher\" content=\"https:\/\/www.facebook.com\/Disfruta-tu-estancia-110455088312197\" \/>\n<meta property=\"article:modified_time\" content=\"2024-03-14T18:41:27+00:00\" \/>\n<meta property=\"og:image\" content=\"https:\/\/disfrutatuestancia.es\/wp-content\/uploads\/2015\/01\/Porche-scaled.jpg\" \/>\n\t<meta property=\"og:image:width\" content=\"2560\" \/>\n\t<meta property=\"og:image:height\" content=\"1920\" \/>\n\t<meta property=\"og:image:type\" content=\"image\/jpeg\" \/>\n<meta name=\"twitter:card\" content=\"summary_large_image\" \/>\n<meta name=\"twitter:label1\" content=\"Dur\u00e9e de lecture estim\u00e9e\" \/>\n\t<meta name=\"twitter:data1\" content=\"3 minutes\" \/>\n<script type=\"application\/ld+json\" class=\"yoast-schema-graph\">{\"@context\":\"https:\\\/\\\/schema.org\",\"@graph\":[{\"@type\":\"WebPage\",\"@id\":\"https:\\\/\\\/disfrutatuestancia.es\\\/fr\\\/a-propos-de-moi\",\"url\":\"https:\\\/\\\/disfrutatuestancia.es\\\/fr\\\/a-propos-de-moi\",\"name\":\"A propos de moi - Disfruta tu estancia\",\"isPartOf\":{\"@id\":\"https:\\\/\\\/disfrutatuestancia.es\\\/fr#website\"},\"primaryImageOfPage\":{\"@id\":\"https:\\\/\\\/disfrutatuestancia.es\\\/fr\\\/a-propos-de-moi#primaryimage\"},\"image\":{\"@id\":\"https:\\\/\\\/disfrutatuestancia.es\\\/fr\\\/a-propos-de-moi#primaryimage\"},\"thumbnailUrl\":\"https:\\\/\\\/disfrutatuestancia.es\\\/wp-content\\\/uploads\\\/2015\\\/01\\\/Porche-scaled.jpg\",\"datePublished\":\"2018-12-10T03:06:47+00:00\",\"dateModified\":\"2024-03-14T18:41:27+00:00\",\"description\":\"Mon objectif est de te faire profiter de l'exp\u00e9rience et de ton h\u00e9bergement, en savourant chaque minute de ton s\u00e9jour dans nos maisons.\",\"breadcrumb\":{\"@id\":\"https:\\\/\\\/disfrutatuestancia.es\\\/fr\\\/a-propos-de-moi#breadcrumb\"},\"inLanguage\":\"fr-FR\",\"potentialAction\":[{\"@type\":\"ReadAction\",\"target\":[\"https:\\\/\\\/disfrutatuestancia.es\\\/fr\\\/a-propos-de-moi\"]}]},{\"@type\":\"ImageObject\",\"inLanguage\":\"fr-FR\",\"@id\":\"https:\\\/\\\/disfrutatuestancia.es\\\/fr\\\/a-propos-de-moi#primaryimage\",\"url\":\"https:\\\/\\\/disfrutatuestancia.es\\\/wp-content\\\/uploads\\\/2015\\\/01\\\/Porche-scaled.jpg\",\"contentUrl\":\"https:\\\/\\\/disfrutatuestancia.es\\\/wp-content\\\/uploads\\\/2015\\\/01\\\/Porche-scaled.jpg\",\"width\":2560,\"height\":1920},{\"@type\":\"BreadcrumbList\",\"@id\":\"https:\\\/\\\/disfrutatuestancia.es\\\/fr\\\/a-propos-de-moi#breadcrumb\",\"itemListElement\":[{\"@type\":\"ListItem\",\"position\":1,\"name\":\"Portada\",\"item\":\"https:\\\/\\\/disfrutatuestancia.es\\\/fr\"},{\"@type\":\"ListItem\",\"position\":2,\"name\":\"A propos de moi\"}]},{\"@type\":\"WebSite\",\"@id\":\"https:\\\/\\\/disfrutatuestancia.es\\\/fr#website\",\"url\":\"https:\\\/\\\/disfrutatuestancia.es\\\/fr\",\"name\":\"Disfruta tu Estancia\",\"description\":\"\u00bfQuieres relajarte?\",\"publisher\":{\"@id\":\"https:\\\/\\\/disfrutatuestancia.es\\\/fr#\\\/schema\\\/person\\\/6acbf97c7a687f69d056e585faae278c\"},\"alternateName\":\"DtuE\",\"potentialAction\":[{\"@type\":\"SearchAction\",\"target\":{\"@type\":\"EntryPoint\",\"urlTemplate\":\"https:\\\/\\\/disfrutatuestancia.es\\\/fr?s={search_term_string}\"},\"query-input\":{\"@type\":\"PropertyValueSpecification\",\"valueRequired\":true,\"valueName\":\"search_term_string\"}}],\"inLanguage\":\"fr-FR\"},{\"@type\":[\"Person\",\"Organization\"],\"@id\":\"https:\\\/\\\/disfrutatuestancia.es\\\/fr#\\\/schema\\\/person\\\/6acbf97c7a687f69d056e585faae278c\",\"name\":\"Olga Sanz\",\"image\":{\"@type\":\"ImageObject\",\"inLanguage\":\"fr-FR\",\"@id\":\"https:\\\/\\\/disfrutatuestancia.es\\\/wp-content\\\/uploads\\\/2018\\\/11\\\/IMG_7274-scaled.jpg\",\"url\":\"https:\\\/\\\/disfrutatuestancia.es\\\/wp-content\\\/uploads\\\/2018\\\/11\\\/IMG_7274-scaled.jpg\",\"contentUrl\":\"https:\\\/\\\/disfrutatuestancia.es\\\/wp-content\\\/uploads\\\/2018\\\/11\\\/IMG_7274-scaled.jpg\",\"width\":2560,\"height\":2560,\"caption\":\"Olga Sanz\"},\"logo\":{\"@id\":\"https:\\\/\\\/disfrutatuestancia.es\\\/wp-content\\\/uploads\\\/2018\\\/11\\\/IMG_7274-scaled.jpg\"},\"sameAs\":[\"https:\\\/\\\/disfrutatuestancia.es\\\/\",\"https:\\\/\\\/www.facebook.com\\\/Disfruta-tu-estancia-110455088312197\"]}]}<\/script>\n<!-- \/ Yoast SEO plugin. -->","yoast_head_json":{"title":"A propos de moi - Disfruta tu estancia","description":"Mon objectif est de te faire profiter de l'exp\u00e9rience et de ton h\u00e9bergement, en savourant chaque minute de ton s\u00e9jour dans nos maisons.","robots":{"index":"index","follow":"follow","max-snippet":"max-snippet:-1","max-image-preview":"max-image-preview:large","max-video-preview":"max-video-preview:-1"},"canonical":"https:\/\/disfrutatuestancia.es\/fr\/a-propos-de-moi","og_locale":"fr_FR","og_type":"article","og_title":"A propos de moi - Disfruta tu estancia","og_description":"Mon objectif est de te faire profiter de l'exp\u00e9rience et de ton h\u00e9bergement, en savourant chaque minute de ton s\u00e9jour dans nos maisons.","og_url":"https:\/\/disfrutatuestancia.es\/fr\/a-propos-de-moi","og_site_name":"Disfruta tu estancia","article_publisher":"https:\/\/www.facebook.com\/Disfruta-tu-estancia-110455088312197","article_modified_time":"2024-03-14T18:41:27+00:00","og_image":[{"width":2560,"height":1920,"url":"https:\/\/disfrutatuestancia.es\/wp-content\/uploads\/2015\/01\/Porche-scaled.jpg","type":"image\/jpeg"}],"twitter_card":"summary_large_image","twitter_misc":{"Dur\u00e9e de lecture estim\u00e9e":"3 minutes"},"schema":{"@context":"https:\/\/schema.org","@graph":[{"@type":"WebPage","@id":"https:\/\/disfrutatuestancia.es\/fr\/a-propos-de-moi","url":"https:\/\/disfrutatuestancia.es\/fr\/a-propos-de-moi","name":"A propos de moi - Disfruta tu estancia","isPartOf":{"@id":"https:\/\/disfrutatuestancia.es\/fr#website"},"primaryImageOfPage":{"@id":"https:\/\/disfrutatuestancia.es\/fr\/a-propos-de-moi#primaryimage"},"image":{"@id":"https:\/\/disfrutatuestancia.es\/fr\/a-propos-de-moi#primaryimage"},"thumbnailUrl":"https:\/\/disfrutatuestancia.es\/wp-content\/uploads\/2015\/01\/Porche-scaled.jpg","datePublished":"2018-12-10T03:06:47+00:00","dateModified":"2024-03-14T18:41:27+00:00","description":"Mon objectif est de te faire profiter de l'exp\u00e9rience et de ton h\u00e9bergement, en savourant chaque minute de ton s\u00e9jour dans nos maisons.","breadcrumb":{"@id":"https:\/\/disfrutatuestancia.es\/fr\/a-propos-de-moi#breadcrumb"},"inLanguage":"fr-FR","potentialAction":[{"@type":"ReadAction","target":["https:\/\/disfrutatuestancia.es\/fr\/a-propos-de-moi"]}]},{"@type":"ImageObject","inLanguage":"fr-FR","@id":"https:\/\/disfrutatuestancia.es\/fr\/a-propos-de-moi#primaryimage","url":"https:\/\/disfrutatuestancia.es\/wp-content\/uploads\/2015\/01\/Porche-scaled.jpg","contentUrl":"https:\/\/disfrutatuestancia.es\/wp-content\/uploads\/2015\/01\/Porche-scaled.jpg","width":2560,"height":1920},{"@type":"BreadcrumbList","@id":"https:\/\/disfrutatuestancia.es\/fr\/a-propos-de-moi#breadcrumb","itemListElement":[{"@type":"ListItem","position":1,"name":"Portada","item":"https:\/\/disfrutatuestancia.es\/fr"},{"@type":"ListItem","position":2,"name":"A propos de moi"}]},{"@type":"WebSite","@id":"https:\/\/disfrutatuestancia.es\/fr#website","url":"https:\/\/disfrutatuestancia.es\/fr","name":"Disfruta tu Estancia","description":"\u00bfQuieres relajarte?","publisher":{"@id":"https:\/\/disfrutatuestancia.es\/fr#\/schema\/person\/6acbf97c7a687f69d056e585faae278c"},"alternateName":"DtuE","potentialAction":[{"@type":"SearchAction","target":{"@type":"EntryPoint","urlTemplate":"https:\/\/disfrutatuestancia.es\/fr?s={search_term_string}"},"query-input":{"@type":"PropertyValueSpecification","valueRequired":true,"valueName":"search_term_string"}}],"inLanguage":"fr-FR"},{"@type":["Person","Organization"],"@id":"https:\/\/disfrutatuestancia.es\/fr#\/schema\/person\/6acbf97c7a687f69d056e585faae278c","name":"Olga Sanz","image":{"@type":"ImageObject","inLanguage":"fr-FR","@id":"https:\/\/disfrutatuestancia.es\/wp-content\/uploads\/2018\/11\/IMG_7274-scaled.jpg","url":"https:\/\/disfrutatuestancia.es\/wp-content\/uploads\/2018\/11\/IMG_7274-scaled.jpg","contentUrl":"https:\/\/disfrutatuestancia.es\/wp-content\/uploads\/2018\/11\/IMG_7274-scaled.jpg","width":2560,"height":2560,"caption":"Olga Sanz"},"logo":{"@id":"https:\/\/disfrutatuestancia.es\/wp-content\/uploads\/2018\/11\/IMG_7274-scaled.jpg"},"sameAs":["https:\/\/disfrutatuestancia.es\/","https:\/\/www.facebook.com\/Disfruta-tu-estancia-110455088312197"]}]}},"_links":{"self":[{"href":"https:\/\/disfrutatuestancia.es\/fr\/wp-json\/wp\/v2\/pages\/12570","targetHints":{"allow":["GET"]}}],"collection":[{"href":"https:\/\/disfrutatuestancia.es\/fr\/wp-json\/wp\/v2\/pages"}],"about":[{"href":"https:\/\/disfrutatuestancia.es\/fr\/wp-json\/wp\/v2\/types\/page"}],"author":[{"embeddable":true,"href":"https:\/\/disfrutatuestancia.es\/fr\/wp-json\/wp\/v2\/users\/2"}],"replies":[{"embeddable":true,"href":"https:\/\/disfrutatuestancia.es\/fr\/wp-json\/wp\/v2\/comments?post=12570"}],"version-history":[{"count":15,"href":"https:\/\/disfrutatuestancia.es\/fr\/wp-json\/wp\/v2\/pages\/12570\/revisions"}],"predecessor-version":[{"id":12757,"href":"https:\/\/disfrutatuestancia.es\/fr\/wp-json\/wp\/v2\/pages\/12570\/revisions\/12757"}],"wp:featuredmedia":[{"embeddable":true,"href":"https:\/\/disfrutatuestancia.es\/fr\/wp-json\/wp\/v2\/media\/12605"}],"wp:attachment":[{"href":"https:\/\/disfrutatuestancia.es\/fr\/wp-json\/wp\/v2\/media?parent=12570"}],"curies":[{"name":"wp","href":"https:\/\/api.w.org\/{rel}","templated":true}]}}