{"id":12577,"date":"2015-01-26T09:02:14","date_gmt":"2015-01-26T09:02:14","guid":{"rendered":"https:\/\/disfrutatuestancia.es\/page-de-fonction-confidentialite-et-cookies"},"modified":"2024-03-12T20:52:19","modified_gmt":"2024-03-12T20:52:19","slug":"page-de-fonction-confidentialite-et-cookies","status":"publish","type":"page","link":"https:\/\/disfrutatuestancia.es\/fr\/page-de-fonction-confidentialite-et-cookies","title":{"rendered":"Conditions g\u00e9n\u00e9rales d&rsquo;utilisation"},"content":{"rendered":"<div class=\"wpb-content-wrapper\"><p>[vc_row][vc_column][vc_column_text]<strong>Conditions d&rsquo;utilisation &#8211; Disfruta tu Estancia<\/strong><\/p>\n<p>Date de la derni\u00e8re mise \u00e0 jour : 12\/03\/2024<\/p>\n<p>Bienvenue \u00e0 Disfruta tu Estancia. En acc\u00e9dant \u00e0 notre site Web et en l&rsquo;utilisant, tu acceptes d&rsquo;\u00eatre li\u00e9 par les conditions g\u00e9n\u00e9rales suivantes. Si tu n&rsquo;acceptes pas ces conditions, abstiens-toi d&rsquo;utiliser nos services.<\/p>\n<p><strong>1. les r\u00e9servations et les paiements :<\/strong><\/p>\n<p>Pour effectuer une r\u00e9servation, tu dois fournir des informations exactes et compl\u00e8tes.<br \/>\nLes paiements seront trait\u00e9s par des m\u00e9thodes s\u00e9curis\u00e9es. En confirmant une r\u00e9servation, tu acceptes les conditions de paiement sp\u00e9cifiques.<\/p>\n<p><strong>2. Annulations et remboursements :<\/strong><\/p>\n<p>Notre politique d&rsquo;annulation et de remboursement est d\u00e9taill\u00e9e dans la section correspondante de notre site Internet. Assure-toi de passer en revue et de comprendre ces politiques avant de confirmer une r\u00e9servation.<\/p>\n<p><strong>3. Responsabilit\u00e9s des invit\u00e9s :<\/strong><\/p>\n<p>En tant qu&rsquo;invit\u00e9, tu acceptes de traiter la propri\u00e9t\u00e9 avec respect et de suivre toutes les r\u00e8gles et r\u00e9glementations locales.<br \/>\nTu es responsable de tout dommage caus\u00e9 \u00e0 la propri\u00e9t\u00e9 pendant ton s\u00e9jour.<\/p>\n<p><strong>4. Responsabilit\u00e9s de l&rsquo;h\u00f4te :<\/strong><\/p>\n<p>Les h\u00f4tes doivent fournir des informations exactes et \u00e0 jour sur leurs propri\u00e9t\u00e9s.<br \/>\nLes h\u00f4tes doivent maintenir un niveau \u00e9lev\u00e9 de propret\u00e9 et de s\u00e9curit\u00e9 dans leurs propri\u00e9t\u00e9s.<\/p>\n<p><strong>5. Politique de confidentialit\u00e9 :<\/strong><\/p>\n<p>Notre politique de confidentialit\u00e9 d\u00e9taille la fa\u00e7on dont nous recueillons, utilisons et prot\u00e9geons les informations personnelles. En utilisant nos services, tu acceptes ces pratiques.<\/p>\n<p><strong>6. Propri\u00e9t\u00e9 intellectuelle :<\/strong><\/p>\n<p>Tous les droits de propri\u00e9t\u00e9 intellectuelle li\u00e9s au site Web et \u00e0 son contenu sont d\u00e9tenus par Disfruta tu Estancia. L&rsquo;utilisation non autoris\u00e9e de ces contenus n&rsquo;est pas permise.<\/p>\n<p><strong>7. Modifications et mises \u00e0 jour :<\/strong><\/p>\n<p>Nous nous r\u00e9servons le droit de modifier ces termes et conditions \u00e0 tout moment. Les mises \u00e0 jour entreront en vigueur d\u00e8s leur publication sur notre site Internet.<\/p>\n<p><strong>8. Droit applicable :<\/strong><\/p>\n<p>Ces termes et conditions sont r\u00e9gis par les lois de Madrid. Tout litige sera r\u00e9solu par des n\u00e9gociations de bonne foi, et si aucun accord n&rsquo;est trouv\u00e9, il sera soumis \u00e0 la juridiction exclusive des tribunaux de Madrid.<br \/>\nEn utilisant nos services, tu acceptes tous ces termes et conditions. Si tu as des questions ou des pr\u00e9occupations, contacte-nous \u00e0 olga@disfrutatuestancia.es.<\/p>\n<p>Merci d&rsquo;avoir choisi Disfruta tu Estancia !<\/p>\n<p><em>Mise \u00e0 jour, 12\/03\/2024<\/em>[\/vc_column_text][\/vc_column][\/vc_row]<\/p>\n<\/div>","protected":false},"excerpt":{"rendered":"<p>[vc_row][vc_column][vc_column_text]Conditions d&rsquo;utilisation &#8211; Disfruta tu Estancia Date de la derni\u00e8re mise \u00e0 jour : 12\/03\/2024 Bienvenue \u00e0 Disfruta tu Estancia. En acc\u00e9dant \u00e0 notre site Web et en l&rsquo;utilisant, tu acceptes d&rsquo;\u00eatre li\u00e9 par les conditions g\u00e9n\u00e9rales suivantes. Si tu n&rsquo;acceptes pas ces conditions, abstiens-toi d&rsquo;utiliser nos services. 1. les r\u00e9servations et les paiements : [&hellip;]<\/p>\n","protected":false},"author":2,"featured_media":12468,"parent":0,"menu_order":0,"comment_status":"closed","ping_status":"closed","template":"","meta":{"om_disable_all_campaigns":false,"_monsterinsights_skip_tracking":false,"_monsterinsights_sitenote_active":false,"_monsterinsights_sitenote_note":"","_monsterinsights_sitenote_category":0,"footnotes":""},"class_list":["post-12577","page","type-page","status-publish","has-post-thumbnail","hentry"],"yoast_head":"<!-- This site is optimized with the Yoast SEO plugin v27.4 - https:\/\/yoast.com\/product\/yoast-seo-wordpress\/ -->\n<title>Conditions g\u00e9n\u00e9rales d&#039;utilisation - Disfruta tu estancia<\/title>\n<meta name=\"description\" content=\"Conditions g\u00e9n\u00e9rales d&#039;utilisation - Disfruta tu estancia\" \/>\n<meta name=\"robots\" content=\"index, follow, max-snippet:-1, max-image-preview:large, max-video-preview:-1\" \/>\n<link rel=\"canonical\" href=\"https:\/\/disfrutatuestancia.es\/fr\/page-de-fonction-confidentialite-et-cookies\" \/>\n<meta property=\"og:locale\" content=\"fr_FR\" \/>\n<meta property=\"og:type\" content=\"article\" \/>\n<meta property=\"og:title\" content=\"Conditions g\u00e9n\u00e9rales d&#039;utilisation - Disfruta tu estancia\" \/>\n<meta property=\"og:description\" content=\"Conditions g\u00e9n\u00e9rales d&#039;utilisation - Disfruta tu estancia\" \/>\n<meta property=\"og:url\" content=\"https:\/\/disfrutatuestancia.es\/fr\/page-de-fonction-confidentialite-et-cookies\" \/>\n<meta property=\"og:site_name\" content=\"Disfruta tu estancia\" \/>\n<meta property=\"article:publisher\" content=\"https:\/\/www.facebook.com\/Disfruta-tu-estancia-110455088312197\" \/>\n<meta property=\"article:modified_time\" content=\"2024-03-12T20:52:19+00:00\" \/>\n<meta property=\"og:image\" content=\"https:\/\/disfrutatuestancia.es\/wp-content\/uploads\/2023\/07\/Home_page_imagen_principal.png\" \/>\n\t<meta property=\"og:image:width\" content=\"1920\" \/>\n\t<meta property=\"og:image:height\" content=\"400\" \/>\n\t<meta property=\"og:image:type\" content=\"image\/png\" \/>\n<meta name=\"twitter:card\" content=\"summary_large_image\" \/>\n<meta name=\"twitter:label1\" content=\"Dur\u00e9e de lecture estim\u00e9e\" \/>\n\t<meta name=\"twitter:data1\" content=\"2 minutes\" \/>\n<script type=\"application\/ld+json\" class=\"yoast-schema-graph\">{\"@context\":\"https:\\\/\\\/schema.org\",\"@graph\":[{\"@type\":\"WebPage\",\"@id\":\"https:\\\/\\\/disfrutatuestancia.es\\\/fr\\\/page-de-fonction-confidentialite-et-cookies\",\"url\":\"https:\\\/\\\/disfrutatuestancia.es\\\/fr\\\/page-de-fonction-confidentialite-et-cookies\",\"name\":\"Conditions g\u00e9n\u00e9rales d'utilisation - Disfruta tu estancia\",\"isPartOf\":{\"@id\":\"https:\\\/\\\/disfrutatuestancia.es\\\/fr#website\"},\"primaryImageOfPage\":{\"@id\":\"https:\\\/\\\/disfrutatuestancia.es\\\/fr\\\/page-de-fonction-confidentialite-et-cookies#primaryimage\"},\"image\":{\"@id\":\"https:\\\/\\\/disfrutatuestancia.es\\\/fr\\\/page-de-fonction-confidentialite-et-cookies#primaryimage\"},\"thumbnailUrl\":\"https:\\\/\\\/disfrutatuestancia.es\\\/wp-content\\\/uploads\\\/2023\\\/07\\\/Home_page_imagen_principal.png\",\"datePublished\":\"2015-01-26T09:02:14+00:00\",\"dateModified\":\"2024-03-12T20:52:19+00:00\",\"description\":\"Conditions g\u00e9n\u00e9rales d'utilisation - Disfruta tu estancia\",\"breadcrumb\":{\"@id\":\"https:\\\/\\\/disfrutatuestancia.es\\\/fr\\\/page-de-fonction-confidentialite-et-cookies#breadcrumb\"},\"inLanguage\":\"fr-FR\",\"potentialAction\":[{\"@type\":\"ReadAction\",\"target\":[\"https:\\\/\\\/disfrutatuestancia.es\\\/fr\\\/page-de-fonction-confidentialite-et-cookies\"]}]},{\"@type\":\"ImageObject\",\"inLanguage\":\"fr-FR\",\"@id\":\"https:\\\/\\\/disfrutatuestancia.es\\\/fr\\\/page-de-fonction-confidentialite-et-cookies#primaryimage\",\"url\":\"https:\\\/\\\/disfrutatuestancia.es\\\/wp-content\\\/uploads\\\/2023\\\/07\\\/Home_page_imagen_principal.png\",\"contentUrl\":\"https:\\\/\\\/disfrutatuestancia.es\\\/wp-content\\\/uploads\\\/2023\\\/07\\\/Home_page_imagen_principal.png\",\"width\":1920,\"height\":400},{\"@type\":\"BreadcrumbList\",\"@id\":\"https:\\\/\\\/disfrutatuestancia.es\\\/fr\\\/page-de-fonction-confidentialite-et-cookies#breadcrumb\",\"itemListElement\":[{\"@type\":\"ListItem\",\"position\":1,\"name\":\"Portada\",\"item\":\"https:\\\/\\\/disfrutatuestancia.es\\\/fr\"},{\"@type\":\"ListItem\",\"position\":2,\"name\":\"Conditions g\u00e9n\u00e9rales d&#8217;utilisation\"}]},{\"@type\":\"WebSite\",\"@id\":\"https:\\\/\\\/disfrutatuestancia.es\\\/fr#website\",\"url\":\"https:\\\/\\\/disfrutatuestancia.es\\\/fr\",\"name\":\"Disfruta tu Estancia\",\"description\":\"\u00bfQuieres relajarte?\",\"publisher\":{\"@id\":\"https:\\\/\\\/disfrutatuestancia.es\\\/fr#\\\/schema\\\/person\\\/6acbf97c7a687f69d056e585faae278c\"},\"alternateName\":\"DtuE\",\"potentialAction\":[{\"@type\":\"SearchAction\",\"target\":{\"@type\":\"EntryPoint\",\"urlTemplate\":\"https:\\\/\\\/disfrutatuestancia.es\\\/fr?s={search_term_string}\"},\"query-input\":{\"@type\":\"PropertyValueSpecification\",\"valueRequired\":true,\"valueName\":\"search_term_string\"}}],\"inLanguage\":\"fr-FR\"},{\"@type\":[\"Person\",\"Organization\"],\"@id\":\"https:\\\/\\\/disfrutatuestancia.es\\\/fr#\\\/schema\\\/person\\\/6acbf97c7a687f69d056e585faae278c\",\"name\":\"Olga Sanz\",\"image\":{\"@type\":\"ImageObject\",\"inLanguage\":\"fr-FR\",\"@id\":\"https:\\\/\\\/disfrutatuestancia.es\\\/wp-content\\\/uploads\\\/2018\\\/11\\\/IMG_7274-scaled.jpg\",\"url\":\"https:\\\/\\\/disfrutatuestancia.es\\\/wp-content\\\/uploads\\\/2018\\\/11\\\/IMG_7274-scaled.jpg\",\"contentUrl\":\"https:\\\/\\\/disfrutatuestancia.es\\\/wp-content\\\/uploads\\\/2018\\\/11\\\/IMG_7274-scaled.jpg\",\"width\":2560,\"height\":2560,\"caption\":\"Olga Sanz\"},\"logo\":{\"@id\":\"https:\\\/\\\/disfrutatuestancia.es\\\/wp-content\\\/uploads\\\/2018\\\/11\\\/IMG_7274-scaled.jpg\"},\"sameAs\":[\"https:\\\/\\\/disfrutatuestancia.es\\\/\",\"https:\\\/\\\/www.facebook.com\\\/Disfruta-tu-estancia-110455088312197\"]}]}<\/script>\n<!-- \/ Yoast SEO plugin. -->","yoast_head_json":{"title":"Conditions g\u00e9n\u00e9rales d'utilisation - Disfruta tu estancia","description":"Conditions g\u00e9n\u00e9rales d'utilisation - Disfruta tu estancia","robots":{"index":"index","follow":"follow","max-snippet":"max-snippet:-1","max-image-preview":"max-image-preview:large","max-video-preview":"max-video-preview:-1"},"canonical":"https:\/\/disfrutatuestancia.es\/fr\/page-de-fonction-confidentialite-et-cookies","og_locale":"fr_FR","og_type":"article","og_title":"Conditions g\u00e9n\u00e9rales d'utilisation - Disfruta tu estancia","og_description":"Conditions g\u00e9n\u00e9rales d'utilisation - Disfruta tu estancia","og_url":"https:\/\/disfrutatuestancia.es\/fr\/page-de-fonction-confidentialite-et-cookies","og_site_name":"Disfruta tu estancia","article_publisher":"https:\/\/www.facebook.com\/Disfruta-tu-estancia-110455088312197","article_modified_time":"2024-03-12T20:52:19+00:00","og_image":[{"width":1920,"height":400,"url":"https:\/\/disfrutatuestancia.es\/wp-content\/uploads\/2023\/07\/Home_page_imagen_principal.png","type":"image\/png"}],"twitter_card":"summary_large_image","twitter_misc":{"Dur\u00e9e de lecture estim\u00e9e":"2 minutes"},"schema":{"@context":"https:\/\/schema.org","@graph":[{"@type":"WebPage","@id":"https:\/\/disfrutatuestancia.es\/fr\/page-de-fonction-confidentialite-et-cookies","url":"https:\/\/disfrutatuestancia.es\/fr\/page-de-fonction-confidentialite-et-cookies","name":"Conditions g\u00e9n\u00e9rales d'utilisation - Disfruta tu estancia","isPartOf":{"@id":"https:\/\/disfrutatuestancia.es\/fr#website"},"primaryImageOfPage":{"@id":"https:\/\/disfrutatuestancia.es\/fr\/page-de-fonction-confidentialite-et-cookies#primaryimage"},"image":{"@id":"https:\/\/disfrutatuestancia.es\/fr\/page-de-fonction-confidentialite-et-cookies#primaryimage"},"thumbnailUrl":"https:\/\/disfrutatuestancia.es\/wp-content\/uploads\/2023\/07\/Home_page_imagen_principal.png","datePublished":"2015-01-26T09:02:14+00:00","dateModified":"2024-03-12T20:52:19+00:00","description":"Conditions g\u00e9n\u00e9rales d'utilisation - Disfruta tu estancia","breadcrumb":{"@id":"https:\/\/disfrutatuestancia.es\/fr\/page-de-fonction-confidentialite-et-cookies#breadcrumb"},"inLanguage":"fr-FR","potentialAction":[{"@type":"ReadAction","target":["https:\/\/disfrutatuestancia.es\/fr\/page-de-fonction-confidentialite-et-cookies"]}]},{"@type":"ImageObject","inLanguage":"fr-FR","@id":"https:\/\/disfrutatuestancia.es\/fr\/page-de-fonction-confidentialite-et-cookies#primaryimage","url":"https:\/\/disfrutatuestancia.es\/wp-content\/uploads\/2023\/07\/Home_page_imagen_principal.png","contentUrl":"https:\/\/disfrutatuestancia.es\/wp-content\/uploads\/2023\/07\/Home_page_imagen_principal.png","width":1920,"height":400},{"@type":"BreadcrumbList","@id":"https:\/\/disfrutatuestancia.es\/fr\/page-de-fonction-confidentialite-et-cookies#breadcrumb","itemListElement":[{"@type":"ListItem","position":1,"name":"Portada","item":"https:\/\/disfrutatuestancia.es\/fr"},{"@type":"ListItem","position":2,"name":"Conditions g\u00e9n\u00e9rales d&#8217;utilisation"}]},{"@type":"WebSite","@id":"https:\/\/disfrutatuestancia.es\/fr#website","url":"https:\/\/disfrutatuestancia.es\/fr","name":"Disfruta tu Estancia","description":"\u00bfQuieres relajarte?","publisher":{"@id":"https:\/\/disfrutatuestancia.es\/fr#\/schema\/person\/6acbf97c7a687f69d056e585faae278c"},"alternateName":"DtuE","potentialAction":[{"@type":"SearchAction","target":{"@type":"EntryPoint","urlTemplate":"https:\/\/disfrutatuestancia.es\/fr?s={search_term_string}"},"query-input":{"@type":"PropertyValueSpecification","valueRequired":true,"valueName":"search_term_string"}}],"inLanguage":"fr-FR"},{"@type":["Person","Organization"],"@id":"https:\/\/disfrutatuestancia.es\/fr#\/schema\/person\/6acbf97c7a687f69d056e585faae278c","name":"Olga Sanz","image":{"@type":"ImageObject","inLanguage":"fr-FR","@id":"https:\/\/disfrutatuestancia.es\/wp-content\/uploads\/2018\/11\/IMG_7274-scaled.jpg","url":"https:\/\/disfrutatuestancia.es\/wp-content\/uploads\/2018\/11\/IMG_7274-scaled.jpg","contentUrl":"https:\/\/disfrutatuestancia.es\/wp-content\/uploads\/2018\/11\/IMG_7274-scaled.jpg","width":2560,"height":2560,"caption":"Olga Sanz"},"logo":{"@id":"https:\/\/disfrutatuestancia.es\/wp-content\/uploads\/2018\/11\/IMG_7274-scaled.jpg"},"sameAs":["https:\/\/disfrutatuestancia.es\/","https:\/\/www.facebook.com\/Disfruta-tu-estancia-110455088312197"]}]}},"_links":{"self":[{"href":"https:\/\/disfrutatuestancia.es\/fr\/wp-json\/wp\/v2\/pages\/12577","targetHints":{"allow":["GET"]}}],"collection":[{"href":"https:\/\/disfrutatuestancia.es\/fr\/wp-json\/wp\/v2\/pages"}],"about":[{"href":"https:\/\/disfrutatuestancia.es\/fr\/wp-json\/wp\/v2\/types\/page"}],"author":[{"embeddable":true,"href":"https:\/\/disfrutatuestancia.es\/fr\/wp-json\/wp\/v2\/users\/2"}],"replies":[{"embeddable":true,"href":"https:\/\/disfrutatuestancia.es\/fr\/wp-json\/wp\/v2\/comments?post=12577"}],"version-history":[{"count":8,"href":"https:\/\/disfrutatuestancia.es\/fr\/wp-json\/wp\/v2\/pages\/12577\/revisions"}],"predecessor-version":[{"id":12746,"href":"https:\/\/disfrutatuestancia.es\/fr\/wp-json\/wp\/v2\/pages\/12577\/revisions\/12746"}],"wp:featuredmedia":[{"embeddable":true,"href":"https:\/\/disfrutatuestancia.es\/fr\/wp-json\/wp\/v2\/media\/12468"}],"wp:attachment":[{"href":"https:\/\/disfrutatuestancia.es\/fr\/wp-json\/wp\/v2\/media?parent=12577"}],"curies":[{"name":"wp","href":"https:\/\/api.w.org\/{rel}","templated":true}]}}